{"id":10,"date":"2024-01-29T20:36:37","date_gmt":"2024-01-29T19:36:37","guid":{"rendered":"https:\/\/www.pilse-suchen.de\/?page_id=10"},"modified":"2024-01-30T20:22:40","modified_gmt":"2024-01-30T19:22:40","slug":"tradition","status":"publish","type":"page","link":"https:\/\/www.pilse-suchen.de\/?page_id=10","title":{"rendered":"Tradition"},"content":{"rendered":"\n<h2 class=\"wp-block-heading\">Traditionelle Kleidung<\/h2>\n\n\n\n<p>Wir wollen nun auf die korrekte Pflege dieses Brauchtums eingehen. Wie sich der aufmerksame Leser bereits denken kann, ist es nicht denkbar zum Pilsesuchen mit St\u00f6ckelschuhen oder Slippern, Anzug oder Kost\u00fcm zu Erscheinen. Eine Kravatte schlie\u00dft sich von vornherein aus! Nein, um das Pilsesuchen in Eingedenken an die vergangenen Zeiten zu feiern, erfordert es einigen festlichen Kleidwerks, die der Einheimische jedoch bestimmt in seinem Schrank zuhause finden kann, auch wenn er hier und da etwas tiefer st\u00f6bern oder l\u00e4nger suchen mu\u00df. Es handelt sich hierbei um ausgekl\u00fcgelte Traditionskleidung, die in dieser Zusammenstellung die nahezu perfekte Pilse-Such-Konfektion darstellt und sich \u00fcber Jahre hinweg durchgesetzt hat.<\/p>\n\n\n\n<p>Wir bitten die PilsesucherInnern, sich so gut wie m\u00f6glich an den unten stehenden Zeichnungen zu orientieren, um die Ehrfurcht vor diesem Brauchtum durch sein \u00e4u\u00dferes Erscheinungsbild zum Ausdruck zu bringen. Aber BITTE st\u00fcrzen sie sich nicht extra in Unkosten; schlie\u00dflich handelt es sich hierbei um ein gem\u00fctliches Beisammensein und nicht um einen Wohlt\u00e4tigkeitsball!<\/p>\n\n\n\n<table><tr><td><img decoding=\"async\" src=\"https:\/\/www.pilse-suchen.de\/fotos\/kleiderordnung.gif\"><\/td><td width=\"20px\"><\/td>\n<td>\n<b>Bua:<\/b><br>\nHut (nach M\u00f6glichkeit mit Gamsbart)<br>\nStrickjacke<br>\nKariertes Hemd<br>\nKniebundhose (evtl. Hirschlederhose)<br>\nKniestr\u00fcmpfe<br>\nHaferlschua<br>\nKorb<br>\n<br>\n<b>Madl<\/b><br>\nKopftuch<br>\nStrickj\u00e4ckchen<br>\nBluse<br>\nSch\u00fcrze<br>\nRock<br>\nStr\u00fcmpfe<br>\nK\u00f6rbchen<\/td>\n<\/tr><\/table>\n\n\n\n<h2 class=\"wp-block-heading\">Traditionelles Werkzeug<\/h2>\n\n\n\n<p>\u00c4hnlich zu der tradtitionellen Kleidung ben\u00f6tigt die\/der Pilsesuchende bestimmte Werkzeuge, die ihr\/ihm das Pilse Suchen angenehmer machen soll.<\/p>\n\n\n\n<h3 class=\"wp-block-heading\">Pilskappenmesser<\/h3>\n\n\n\n<table><tr><td>Traditionelles Hilfsmittel zum aromaschonenden \u00d6ffnen von Pilsen. Sollte vor allem beim Pilsesuchen selbst immer griffbereit sein, ist aber auch zuhause oder beim Pilsfest notwendig, um ein Pils stilecht zuzubereiten.\nSeit 2003 gibt es das Pilskappenmesser auch vom Pilse-Such-Verein mit traditionellem Holzgrill und rostfreiem Stahl-Hutheber. <\/td><td><img decoding=\"async\" src=\"https:\/\/www.pilse-suchen.de\/fotos\/hutmesser.gif\"><\/td><\/tr><\/table>\n","protected":false},"excerpt":{"rendered":"<p>Traditionelle Kleidung Wir wollen nun auf die korrekte Pflege dieses Brauchtums eingehen. Wie sich der aufmerksame Leser bereits denken kann, ist es nicht denkbar zum Pilsesuchen mit St\u00f6ckelschuhen oder Slippern, Anzug oder Kost\u00fcm zu Erscheinen. Eine Kravatte schlie\u00dft sich von vornherein aus! Nein, um das Pilsesuchen in Eingedenken an die vergangenen Zeiten zu feiern, erfordert [&hellip;]<\/p>\n","protected":false},"author":1,"featured_media":0,"parent":0,"menu_order":0,"comment_status":"closed","ping_status":"closed","template":"","meta":{"ngg_post_thumbnail":0,"footnotes":""},"class_list":["post-10","page","type-page","status-publish","hentry"],"_links":{"self":[{"href":"https:\/\/www.pilse-suchen.de\/index.php?rest_route=\/wp\/v2\/pages\/10","targetHints":{"allow":["GET"]}}],"collection":[{"href":"https:\/\/www.pilse-suchen.de\/index.php?rest_route=\/wp\/v2\/pages"}],"about":[{"href":"https:\/\/www.pilse-suchen.de\/index.php?rest_route=\/wp\/v2\/types\/page"}],"author":[{"embeddable":true,"href":"https:\/\/www.pilse-suchen.de\/index.php?rest_route=\/wp\/v2\/users\/1"}],"replies":[{"embeddable":true,"href":"https:\/\/www.pilse-suchen.de\/index.php?rest_route=%2Fwp%2Fv2%2Fcomments&post=10"}],"version-history":[{"count":4,"href":"https:\/\/www.pilse-suchen.de\/index.php?rest_route=\/wp\/v2\/pages\/10\/revisions"}],"predecessor-version":[{"id":44,"href":"https:\/\/www.pilse-suchen.de\/index.php?rest_route=\/wp\/v2\/pages\/10\/revisions\/44"}],"wp:attachment":[{"href":"https:\/\/www.pilse-suchen.de\/index.php?rest_route=%2Fwp%2Fv2%2Fmedia&parent=10"}],"curies":[{"name":"wp","href":"https:\/\/api.w.org\/{rel}","templated":true}]}}