{"id":111,"date":"2024-01-31T18:56:53","date_gmt":"2024-01-31T17:56:53","guid":{"rendered":"https:\/\/www.pilse-suchen.de\/?page_id=111"},"modified":"2024-01-31T19:13:21","modified_gmt":"2024-01-31T18:13:21","slug":"4-bewertung-des-pilsstiels","status":"publish","type":"page","link":"https:\/\/www.pilse-suchen.de\/?page_id=111","title":{"rendered":"4. Bewertung des Pilsstiels"},"content":{"rendered":"\n<div class=\"wp-block-columns is-layout-flex wp-container-core-columns-is-layout-28f84493 wp-block-columns-is-layout-flex\">\n<div class=\"wp-block-column is-layout-flow wp-block-column-is-layout-flow\" style=\"flex-basis:66.66%\">\n<p>Die Stilbewertung richtet sich im gro\u00dfen und ganzen nach den Kriterien der Hutbewertung. Zu bewerten sind Form und Farbe des Stieles, sowie Ober-, Unter- und Hinterzeichnungen. Markante Merkmale sollen die exakte Bestimmung der Pilssorte erm\u00f6glichen.<\/p>\n\n\n\n<p>Den Veltins Pils (siehe rechts), z.B. erkennt man durch seine braune, schlanke Keule mit schr\u00e4ger Oberzeichnung und passender, wappur\u00f6ser Unterzeichnung, beide im schlichten wei\u00df.<\/p>\n<\/div>\n\n\n\n<div class=\"wp-block-column is-layout-flow wp-block-column-is-layout-flow\" style=\"flex-basis:33.33%\">\n<figure class=\"wp-block-image size-full\"><img loading=\"lazy\" decoding=\"async\" width=\"100\" height=\"324\" src=\"https:\/\/www.pilse-suchen.de\/wp-content\/uploads\/2024\/01\/stiel.jpg\" alt=\"\" class=\"wp-image-112\" srcset=\"https:\/\/www.pilse-suchen.de\/wp-content\/uploads\/2024\/01\/stiel.jpg 100w, https:\/\/www.pilse-suchen.de\/wp-content\/uploads\/2024\/01\/stiel-93x300.jpg 93w\" sizes=\"auto, (max-width: 100px) 100vw, 100px\" \/><\/figure>\n<\/div>\n<\/div>\n\n\n\n<div class=\"wp-block-columns is-layout-flex wp-container-core-columns-is-layout-28f84493 wp-block-columns-is-layout-flex\">\n<div class=\"wp-block-column is-layout-flow wp-block-column-is-layout-flow\">\n<p>&lt;&#8211; 3. <a href=\"https:\/\/www.pilse-suchen.de\/?page_id=106\" data-type=\"page\" data-id=\"106\">Bewertung des Pilshutes<\/a><\/p>\n<\/div>\n\n\n\n<div class=\"wp-block-column is-layout-flow wp-block-column-is-layout-flow\">\n<p class=\"has-text-align-right\">5. <a href=\"https:\/\/www.pilse-suchen.de\/?page_id=114\" data-type=\"page\" data-id=\"114\">Untersuchung Pl\u00f6ppverhalten<\/a> -> <\/p>\n<\/div>\n<\/div>\n","protected":false},"excerpt":{"rendered":"<p>Die Stilbewertung richtet sich im gro\u00dfen und ganzen nach den Kriterien der Hutbewertung. Zu bewerten sind Form und Farbe des Stieles, sowie Ober-, Unter- und Hinterzeichnungen. Markante Merkmale sollen die exakte Bestimmung der Pilssorte erm\u00f6glichen. Den Veltins Pils (siehe rechts), z.B. erkennt man durch seine braune, schlanke Keule mit schr\u00e4ger Oberzeichnung und passender, wappur\u00f6ser Unterzeichnung, [&hellip;]<\/p>\n","protected":false},"author":1,"featured_media":0,"parent":19,"menu_order":0,"comment_status":"closed","ping_status":"closed","template":"","meta":{"ngg_post_thumbnail":0,"footnotes":""},"class_list":["post-111","page","type-page","status-publish","hentry"],"_links":{"self":[{"href":"https:\/\/www.pilse-suchen.de\/index.php?rest_route=\/wp\/v2\/pages\/111","targetHints":{"allow":["GET"]}}],"collection":[{"href":"https:\/\/www.pilse-suchen.de\/index.php?rest_route=\/wp\/v2\/pages"}],"about":[{"href":"https:\/\/www.pilse-suchen.de\/index.php?rest_route=\/wp\/v2\/types\/page"}],"author":[{"embeddable":true,"href":"https:\/\/www.pilse-suchen.de\/index.php?rest_route=\/wp\/v2\/users\/1"}],"replies":[{"embeddable":true,"href":"https:\/\/www.pilse-suchen.de\/index.php?rest_route=%2Fwp%2Fv2%2Fcomments&post=111"}],"version-history":[{"count":2,"href":"https:\/\/www.pilse-suchen.de\/index.php?rest_route=\/wp\/v2\/pages\/111\/revisions"}],"predecessor-version":[{"id":132,"href":"https:\/\/www.pilse-suchen.de\/index.php?rest_route=\/wp\/v2\/pages\/111\/revisions\/132"}],"up":[{"embeddable":true,"href":"https:\/\/www.pilse-suchen.de\/index.php?rest_route=\/wp\/v2\/pages\/19"}],"wp:attachment":[{"href":"https:\/\/www.pilse-suchen.de\/index.php?rest_route=%2Fwp%2Fv2%2Fmedia&parent=111"}],"curies":[{"name":"wp","href":"https:\/\/api.w.org\/{rel}","templated":true}]}}