{"id":12,"date":"2024-01-29T20:36:55","date_gmt":"2024-01-29T19:36:55","guid":{"rendered":"https:\/\/www.pilse-suchen.de\/?page_id=12"},"modified":"2024-01-30T20:26:15","modified_gmt":"2024-01-30T19:26:15","slug":"vereinsgeschichte","status":"publish","type":"page","link":"https:\/\/www.pilse-suchen.de\/?page_id=12","title":{"rendered":"Vereinsgeschichte"},"content":{"rendered":"\n<p><strong>Lieber Pilsesucherinnen, liebe Pilsfreunde,<\/strong><\/p>\n\n\n\n<p>der Pilse-Such-Verein kann nun schon auf ein langj\u00e4hriges Bestehen zur\u00fcckblicken. Dabei erinnern wir uns gerne an die Anf\u00e4nge, als das erste Pilssuchen nur eben eine handvoll Pilsfreunde anlockte. Schnell wuchs die Fangemeinde an und wir mussten die Anzahl der Teilnehmer zum allj\u00e4hrlichen Pilsesuchen zum Schutze der heimischen Pilskulturen begrenzen. So wurde die Entwicklung zu einer Massenveranstaltung verhindert.<\/p>\n\n\n\n<p>Auf diesen Seiten wollen wir Euch, die interessierten Pilsfreunde, \u00fcber die Vereinsarbeit seit 1996 informieren. Hier findet Ihr Fotos und Zeitungsartikel, sowie Radiobeitr\u00e4ge oder Fernsehmitschnitte, soweit vorhanden. Es stehen die Pilsbrosch\u00fcren, ein essentielles Nachschlagewerk \u00fcber die regionale Pilspopulation, zum Download bereit. Au\u00dferdem erhaltet Ihr einen Einblick hinter die Kulissen, eine Einf\u00fchrung in die Organisation einer Pilssuche und was eben alles zu einem z\u00fcnftigen Pilsfest dazugeh\u00f6rt.<\/p>\n\n\n\n<p>Besonders stolz sind wir auf das allj\u00e4hrliche, jetzt schon traditionelle Gru\u00dfwort von Seiner K\u00f6niglichen Hoheit Prinz Luitpold von Bayern in der Pilsbrosch\u00fcre, der als Schirmherr jedes Jahr einige Worte an die Pilsesucherinnen und Pilsesucher richtet. An dieser Stelle ein ganz besonders herzliches &#8222;Vergelt&#8217;s Gott!&#8220;.<\/p>\n\n\n\n<p>Und nun viel Spa\u00df beim St\u00f6bern!<\/p>\n","protected":false},"excerpt":{"rendered":"<p>Lieber Pilsesucherinnen, liebe Pilsfreunde, der Pilse-Such-Verein kann nun schon auf ein langj\u00e4hriges Bestehen zur\u00fcckblicken. Dabei erinnern wir uns gerne an die Anf\u00e4nge, als das erste Pilssuchen nur eben eine handvoll Pilsfreunde anlockte. Schnell wuchs die Fangemeinde an und wir mussten die Anzahl der Teilnehmer zum allj\u00e4hrlichen Pilsesuchen zum Schutze der heimischen Pilskulturen begrenzen. So wurde [&hellip;]<\/p>\n","protected":false},"author":1,"featured_media":0,"parent":0,"menu_order":0,"comment_status":"closed","ping_status":"closed","template":"","meta":{"ngg_post_thumbnail":0,"footnotes":""},"class_list":["post-12","page","type-page","status-publish","hentry"],"_links":{"self":[{"href":"https:\/\/www.pilse-suchen.de\/index.php?rest_route=\/wp\/v2\/pages\/12","targetHints":{"allow":["GET"]}}],"collection":[{"href":"https:\/\/www.pilse-suchen.de\/index.php?rest_route=\/wp\/v2\/pages"}],"about":[{"href":"https:\/\/www.pilse-suchen.de\/index.php?rest_route=\/wp\/v2\/types\/page"}],"author":[{"embeddable":true,"href":"https:\/\/www.pilse-suchen.de\/index.php?rest_route=\/wp\/v2\/users\/1"}],"replies":[{"embeddable":true,"href":"https:\/\/www.pilse-suchen.de\/index.php?rest_route=%2Fwp%2Fv2%2Fcomments&post=12"}],"version-history":[{"count":2,"href":"https:\/\/www.pilse-suchen.de\/index.php?rest_route=\/wp\/v2\/pages\/12\/revisions"}],"predecessor-version":[{"id":45,"href":"https:\/\/www.pilse-suchen.de\/index.php?rest_route=\/wp\/v2\/pages\/12\/revisions\/45"}],"wp:attachment":[{"href":"https:\/\/www.pilse-suchen.de\/index.php?rest_route=%2Fwp%2Fv2%2Fmedia&parent=12"}],"curies":[{"name":"wp","href":"https:\/\/api.w.org\/{rel}","templated":true}]}}