{"id":14,"date":"2024-01-29T20:37:09","date_gmt":"2024-01-29T19:37:09","guid":{"rendered":"https:\/\/www.pilse-suchen.de\/?page_id=14"},"modified":"2025-09-11T15:07:56","modified_gmt":"2025-09-11T13:07:56","slug":"mitgliederbereich","status":"publish","type":"page","link":"https:\/\/www.pilse-suchen.de\/?page_id=14","title":{"rendered":"Pilse Suchen Anmeldung"},"content":{"rendered":"\n<p>Liebe Pilsesucherin, lieber Pilsesucher,&nbsp;<\/p>\n\n\n\n<p>nach einem Jahr Zwangspause freuen wir uns um so mehr auf die diesj\u00e4hrige Pilsernte und laden Euch zur traditionellen Pilse Suchen recht herzlich ein.<\/p>\n\n\n\n<p>Wir treffen uns darum zu diesem freudigen Ereignis<\/p>\n\n\n\n<p><strong>am Samstag, 04. Oktober 2025, um 14:00 Uhr<br>Treffpunkt: Alpenvereinsheim, Franz-Senn-Weg 1, 86916 Kaufering<\/strong><\/p>\n\n\n\n<p><strong>Anmeldeschlu\u00df: 28.09.202<\/strong>5<\/p>\n\n\n\n<p>Als ob die Freude an der freien Natur und den reichhaltigen Pilskulturen nicht gen\u00fcgen w\u00fcrde, gibt es auch diesmal ein rundum reichhaltiges Angebot:<\/p>\n\n\n\n<ul class=\"wp-block-list\">\n<li>Shuttlebus zum romantischen Pilswald<\/li>\n\n\n\n<li>Pilssuche in entspannender Atmosph\u00e4re (alle Pilse inkl.)<\/li>\n\n\n\n<li>individuelle Betreuung durch Fachpersonal vor Ort<\/li>\n\n\n\n<li>reich illustrierte Pilsbrosch\u00fcre<\/li>\n\n\n\n<li>\u00dcberland-Panoramafahrt<\/li>\n\n\n\n<li>reichhaltige Brotzeit beim anschliessenden Pilsfest<\/li>\n<\/ul>\n\n\n\n<p>!!! Das Pilsfest wird dieses Jahr im DAV-Raum der Sektion Kaufering stattfinden !!!<\/p>\n\n\n\n<p>Zur Wahrung der Tradition bitten wir Euch in angemessener Kleidung zu erscheinen. N\u00e4here Informationen dazu findet Ihr <a href=\"https:\/\/www.pilse-suchen.de\/?page_id=10\">hier<\/a>.<\/p>\n\n\n\n<hr class=\"wp-block-separator has-alpha-channel-opacity\"\/>\n\n\n\n<p>Die Anmeldung erfolgt einfach \u00fcber Bezahlung per PayPal: w\u00e4hle einfach die Anzahl Tickets aus, die Du haben m\u00f6chtest (1 bis 4) und bezahle per einfachem Klick auf &#8222;PayPal Jetzt kaufen&#8220; oder \u00fcber die mehrstufige &#8222;Kaufabwicklung&#8220;. Als Teilnahmebest\u00e4tigung bringe einfach den PayPal-Zahlungsbeleg zum Pilse Suchen mit. Damit k\u00f6nnen wir Dich und Deine bis zu drei BegleiterInnen einchecken.<\/p>\n\n\n\n<p><\/p>\n\n\n\n<script \nsrc=\"https:\/\/www.paypal.com\/sdk\/js?client-id=BAAYcMJRs0m6nghQCwWaEO5uNOj5sbxRYwb4H7Z2GtMayfl6CxzZlg1Z8OMtqHVoGlFwb9cF3wCrg6kEuM&#038;components=hosted-buttons&#038;disable-funding=venmo&#038;currency=EUR\">\n<\/script>\n\n<div style=\"pointer-events: none; opacity: 0.5;\" id=\"paypal-container-QB6Y746KQEQ2S\"><\/div>\n\n<script>\n  paypal.HostedButtons({\n    hostedButtonId: \"QB6Y746KQEQ2S\",\n  }).render(\"#paypal-container-QB6Y746KQEQ2S\")\n<\/script>\n\n\n\n<hr class=\"wp-block-separator has-alpha-channel-opacity\"\/>\n","protected":false},"excerpt":{"rendered":"<p>Liebe Pilsesucherin, lieber Pilsesucher,&nbsp; nach einem Jahr Zwangspause freuen wir uns um so mehr auf die diesj\u00e4hrige Pilsernte und laden Euch zur traditionellen Pilse Suchen recht herzlich ein. Wir treffen uns darum zu diesem freudigen Ereignis am Samstag, 04. Oktober 2025, um 14:00 UhrTreffpunkt: Alpenvereinsheim, Franz-Senn-Weg 1, 86916 Kaufering Anmeldeschlu\u00df: 28.09.2025 Als ob die Freude [&hellip;]<\/p>\n","protected":false},"author":1,"featured_media":0,"parent":0,"menu_order":0,"comment_status":"closed","ping_status":"closed","template":"","meta":{"ngg_post_thumbnail":0,"footnotes":""},"class_list":["post-14","page","type-page","status-publish","hentry"],"_links":{"self":[{"href":"https:\/\/www.pilse-suchen.de\/index.php?rest_route=\/wp\/v2\/pages\/14","targetHints":{"allow":["GET"]}}],"collection":[{"href":"https:\/\/www.pilse-suchen.de\/index.php?rest_route=\/wp\/v2\/pages"}],"about":[{"href":"https:\/\/www.pilse-suchen.de\/index.php?rest_route=\/wp\/v2\/types\/page"}],"author":[{"embeddable":true,"href":"https:\/\/www.pilse-suchen.de\/index.php?rest_route=\/wp\/v2\/users\/1"}],"replies":[{"embeddable":true,"href":"https:\/\/www.pilse-suchen.de\/index.php?rest_route=%2Fwp%2Fv2%2Fcomments&post=14"}],"version-history":[{"count":27,"href":"https:\/\/www.pilse-suchen.de\/index.php?rest_route=\/wp\/v2\/pages\/14\/revisions"}],"predecessor-version":[{"id":5953,"href":"https:\/\/www.pilse-suchen.de\/index.php?rest_route=\/wp\/v2\/pages\/14\/revisions\/5953"}],"wp:attachment":[{"href":"https:\/\/www.pilse-suchen.de\/index.php?rest_route=%2Fwp%2Fv2%2Fmedia&parent=14"}],"curies":[{"name":"wp","href":"https:\/\/api.w.org\/{rel}","templated":true}]}}