{"id":17,"date":"2024-01-29T20:37:44","date_gmt":"2024-01-29T19:37:44","guid":{"rendered":"https:\/\/www.pilse-suchen.de\/?page_id=17"},"modified":"2024-02-07T16:32:00","modified_gmt":"2024-02-07T15:32:00","slug":"vorstand","status":"publish","type":"page","link":"https:\/\/www.pilse-suchen.de\/?page_id=17","title":{"rendered":"Vorstand"},"content":{"rendered":"\n<figure class=\"wp-block-image size-full\"><img loading=\"lazy\" decoding=\"async\" width=\"600\" height=\"142\" src=\"https:\/\/www.pilse-suchen.de\/wp-content\/uploads\/2024\/01\/vorstand2014.png\" alt=\"\" class=\"wp-image-61\" srcset=\"https:\/\/www.pilse-suchen.de\/wp-content\/uploads\/2024\/01\/vorstand2014.png 600w, https:\/\/www.pilse-suchen.de\/wp-content\/uploads\/2024\/01\/vorstand2014-300x71.png 300w\" sizes=\"auto, (max-width: 600px) 100vw, 600px\" \/><\/figure>\n\n\n\n<p>Der ehrenamtliche Vorstand des Pilse-Such-Vereins widmet sich mit gr\u00f6\u00dftem Engagement der Brauchtumspflege und Pils-Kultivierung. Zu den Aufgaben geh\u00f6ren unter anderem das Ausrichten des j\u00e4hrlichen Pilse Suchens im Herbst, das Ausfindigmachen neuer heimischer Pilsarten, sowie deren Bewertung durch Pilsproben.<\/p>\n\n\n\n<p><strong>Die aktuellen Vorstandsmitglieder m\u00f6chten sich hiermit vorstellen:<\/strong><\/p>\n\n\n\n<div class=\"wp-block-columns is-layout-flex wp-container-core-columns-is-layout-28f84493 wp-block-columns-is-layout-flex\">\n<div class=\"wp-block-column is-layout-flow wp-block-column-is-layout-flow\">\n<figure class=\"wp-block-image aligncenter size-full\"><img loading=\"lazy\" decoding=\"async\" width=\"150\" height=\"176\" src=\"https:\/\/www.pilse-suchen.de\/wp-content\/uploads\/2024\/01\/mh.png\" alt=\"\" class=\"wp-image-63\"\/><\/figure>\n\n\n\n<figure class=\"wp-block-image aligncenter size-full\"><img loading=\"lazy\" decoding=\"async\" width=\"126\" height=\"18\" src=\"https:\/\/www.pilse-suchen.de\/wp-content\/uploads\/2024\/01\/mh.gif\" alt=\"\" class=\"wp-image-66\"\/><\/figure>\n\n\n\n<p class=\"has-text-align-center\"><em>Gr\u00fcndungsmitglied und Vorstand seit 1996<\/em><\/p>\n<\/div>\n\n\n\n<div class=\"wp-block-column is-layout-flow wp-block-column-is-layout-flow\">\n<figure class=\"wp-block-image aligncenter size-full\"><img loading=\"lazy\" decoding=\"async\" width=\"150\" height=\"184\" src=\"https:\/\/www.pilse-suchen.de\/wp-content\/uploads\/2024\/01\/jh.png\" alt=\"\" class=\"wp-image-64\"\/><\/figure>\n\n\n\n<figure class=\"wp-block-image aligncenter size-full\"><img loading=\"lazy\" decoding=\"async\" width=\"152\" height=\"18\" src=\"https:\/\/www.pilse-suchen.de\/wp-content\/uploads\/2024\/01\/jh.gif\" alt=\"\" class=\"wp-image-67\"\/><\/figure>\n\n\n\n<p class=\"has-text-align-center\"><em>Gr\u00fcndungsmitglied und Vorstand seit 1996<\/em><\/p>\n<\/div>\n\n\n\n<div class=\"wp-block-column is-layout-flow wp-block-column-is-layout-flow\">\n<figure class=\"wp-block-image aligncenter size-full\"><img loading=\"lazy\" decoding=\"async\" width=\"150\" height=\"176\" src=\"https:\/\/www.pilse-suchen.de\/wp-content\/uploads\/2024\/01\/cp.png\" alt=\"\" class=\"wp-image-65\"\/><\/figure>\n\n\n\n<figure class=\"wp-block-image aligncenter size-full\"><img loading=\"lazy\" decoding=\"async\" width=\"170\" height=\"18\" src=\"https:\/\/www.pilse-suchen.de\/wp-content\/uploads\/2024\/01\/cp.gif\" alt=\"\" class=\"wp-image-68\"\/><\/figure>\n\n\n\n<p class=\"has-text-align-center\"><em>Im Vorstand seit 19<\/em>9<em>7<\/em><\/p>\n<\/div>\n<\/div>\n\n\n\n<div class=\"wp-block-columns is-layout-flex wp-container-core-columns-is-layout-28f84493 wp-block-columns-is-layout-flex\">\n<div class=\"wp-block-column is-layout-flow wp-block-column-is-layout-flow\">\n<figure class=\"wp-block-image aligncenter size-full is-resized\"><img loading=\"lazy\" decoding=\"async\" width=\"150\" height=\"177\" src=\"https:\/\/www.pilse-suchen.de\/wp-content\/uploads\/2024\/01\/ap.png\" alt=\"\" class=\"wp-image-70\" style=\"width:150px;height:auto\"\/><\/figure>\n\n\n\n<figure class=\"wp-block-image aligncenter size-full\"><img loading=\"lazy\" decoding=\"async\" width=\"156\" height=\"18\" src=\"https:\/\/www.pilse-suchen.de\/wp-content\/uploads\/2024\/01\/ap.gif\" alt=\"\" class=\"wp-image-77\"\/><\/figure>\n\n\n\n<p class=\"has-text-align-center\"><em>Im Vorstand seit 1999<\/em><\/p>\n<\/div>\n\n\n\n<div class=\"wp-block-column is-layout-flow wp-block-column-is-layout-flow\">\n<figure class=\"wp-block-image aligncenter size-full is-resized\"><img loading=\"lazy\" decoding=\"async\" width=\"150\" height=\"196\" src=\"https:\/\/www.pilse-suchen.de\/wp-content\/uploads\/2024\/01\/cl.png\" alt=\"\" class=\"wp-image-71\" style=\"width:136px;height:auto\"\/><\/figure>\n\n\n\n<figure class=\"wp-block-image aligncenter size-full\"><img loading=\"lazy\" decoding=\"async\" width=\"101\" height=\"18\" src=\"https:\/\/www.pilse-suchen.de\/wp-content\/uploads\/2024\/01\/cl.gif\" alt=\"\" class=\"wp-image-78\"\/><\/figure>\n\n\n\n<p class=\"has-text-align-center\"><em>Mitglied im Vorstand seit 2002<\/em><\/p>\n<\/div>\n\n\n\n<div class=\"wp-block-column is-layout-flow wp-block-column-is-layout-flow\">\n<figure class=\"wp-block-image aligncenter size-full\"><img loading=\"lazy\" decoding=\"async\" width=\"150\" height=\"179\" src=\"https:\/\/www.pilse-suchen.de\/wp-content\/uploads\/2024\/01\/jl.png\" alt=\"\" class=\"wp-image-72\"\/><\/figure>\n\n\n\n<figure class=\"wp-block-image aligncenter size-full\"><img loading=\"lazy\" decoding=\"async\" width=\"123\" height=\"18\" src=\"https:\/\/www.pilse-suchen.de\/wp-content\/uploads\/2024\/01\/jl.gif\" alt=\"\" class=\"wp-image-79\"\/><\/figure>\n\n\n\n<p class=\"has-text-align-center\"><em>Vorstand seit 2008<\/em><\/p>\n<\/div>\n<\/div>\n\n\n\n<div class=\"wp-block-columns is-layout-flex wp-container-core-columns-is-layout-28f84493 wp-block-columns-is-layout-flex\">\n<div class=\"wp-block-column is-layout-flow wp-block-column-is-layout-flow\">\n<figure class=\"wp-block-image aligncenter size-full\"><img loading=\"lazy\" decoding=\"async\" width=\"150\" height=\"192\" src=\"https:\/\/www.pilse-suchen.de\/wp-content\/uploads\/2024\/01\/fp.png\" alt=\"\" class=\"wp-image-73\"\/><\/figure>\n\n\n\n<figure class=\"wp-block-image aligncenter size-full\"><img loading=\"lazy\" decoding=\"async\" width=\"103\" height=\"18\" src=\"https:\/\/www.pilse-suchen.de\/wp-content\/uploads\/2024\/01\/fpu.png\" alt=\"\" class=\"wp-image-80\"\/><\/figure>\n\n\n\n<p class=\"has-text-align-center\"><em>Im Vorstand seit 2015<\/em><\/p>\n<\/div>\n\n\n\n<div class=\"wp-block-column is-layout-flow wp-block-column-is-layout-flow\">\n<figure class=\"wp-block-image aligncenter size-full is-resized\"><img loading=\"lazy\" decoding=\"async\" width=\"150\" height=\"187\" src=\"https:\/\/www.pilse-suchen.de\/wp-content\/uploads\/2024\/01\/hl.png\" alt=\"\" class=\"wp-image-74\" style=\"width:154px;height:auto\"\/><\/figure>\n\n\n\n<figure class=\"wp-block-image aligncenter size-full\"><img loading=\"lazy\" decoding=\"async\" width=\"123\" height=\"18\" src=\"https:\/\/www.pilse-suchen.de\/wp-content\/uploads\/2024\/01\/hlu.png\" alt=\"\" class=\"wp-image-81\"\/><\/figure>\n\n\n\n<p class=\"has-text-align-center\"><em>Im Vorstand seit 2015<\/em><\/p>\n<\/div>\n\n\n\n<div class=\"wp-block-column is-layout-flow wp-block-column-is-layout-flow\"><\/div>\n<\/div>\n\n\n\n<p><strong>Inaktive Ehrenmitglieder der Vorstandschaft<\/strong>:<\/p>\n\n\n\n<div class=\"wp-block-columns is-layout-flex wp-container-core-columns-is-layout-28f84493 wp-block-columns-is-layout-flex\">\n<div class=\"wp-block-column is-layout-flow wp-block-column-is-layout-flow\">\n<figure class=\"wp-block-image aligncenter size-full\"><img loading=\"lazy\" decoding=\"async\" width=\"150\" height=\"190\" src=\"https:\/\/www.pilse-suchen.de\/wp-content\/uploads\/2024\/01\/stefan_vorstand.jpg\" alt=\"\" class=\"wp-image-75\"\/><\/figure>\n\n\n\n<figure class=\"wp-block-image aligncenter size-full\"><img loading=\"lazy\" decoding=\"async\" width=\"118\" height=\"18\" src=\"https:\/\/www.pilse-suchen.de\/wp-content\/uploads\/2024\/01\/sb.gif\" alt=\"\" class=\"wp-image-83\"\/><\/figure>\n\n\n\n<p class=\"has-text-align-center\"><em>Ehrenvorstandschaft<br>Im Vorstand von 1996-2010<\/em><\/p>\n<\/div>\n\n\n\n<div class=\"wp-block-column is-layout-flow wp-block-column-is-layout-flow\">\n<figure class=\"wp-block-image aligncenter size-full\"><img loading=\"lazy\" decoding=\"async\" width=\"150\" height=\"193\" src=\"https:\/\/www.pilse-suchen.de\/wp-content\/uploads\/2024\/01\/ingo_vorstand.jpg\" alt=\"\" class=\"wp-image-76\"\/><\/figure>\n\n\n\n<figure class=\"wp-block-image aligncenter size-full\"><img loading=\"lazy\" decoding=\"async\" width=\"102\" height=\"18\" src=\"https:\/\/www.pilse-suchen.de\/wp-content\/uploads\/2024\/01\/ir.gif\" alt=\"\" class=\"wp-image-84\"\/><\/figure>\n\n\n\n<p class=\"has-text-align-center\"><em>Ehrenvorstandschaft<br>Gr\u00fcndungsmitglied und Vorstand von 1996-1998<\/em><\/p>\n<\/div>\n\n\n\n<div class=\"wp-block-column is-layout-flow wp-block-column-is-layout-flow\"><\/div>\n<\/div>\n","protected":false},"excerpt":{"rendered":"<p>Der ehrenamtliche Vorstand des Pilse-Such-Vereins widmet sich mit gr\u00f6\u00dftem Engagement der Brauchtumspflege und Pils-Kultivierung. Zu den Aufgaben geh\u00f6ren unter anderem das Ausrichten des j\u00e4hrlichen Pilse Suchens im Herbst, das Ausfindigmachen neuer heimischer Pilsarten, sowie deren Bewertung durch Pilsproben. Die aktuellen Vorstandsmitglieder m\u00f6chten sich hiermit vorstellen: Gr\u00fcndungsmitglied und Vorstand seit 1996 Gr\u00fcndungsmitglied und Vorstand seit 1996 [&hellip;]<\/p>\n","protected":false},"author":1,"featured_media":0,"parent":0,"menu_order":0,"comment_status":"closed","ping_status":"closed","template":"","meta":{"ngg_post_thumbnail":0,"footnotes":""},"class_list":["post-17","page","type-page","status-publish","hentry"],"_links":{"self":[{"href":"https:\/\/www.pilse-suchen.de\/index.php?rest_route=\/wp\/v2\/pages\/17","targetHints":{"allow":["GET"]}}],"collection":[{"href":"https:\/\/www.pilse-suchen.de\/index.php?rest_route=\/wp\/v2\/pages"}],"about":[{"href":"https:\/\/www.pilse-suchen.de\/index.php?rest_route=\/wp\/v2\/types\/page"}],"author":[{"embeddable":true,"href":"https:\/\/www.pilse-suchen.de\/index.php?rest_route=\/wp\/v2\/users\/1"}],"replies":[{"embeddable":true,"href":"https:\/\/www.pilse-suchen.de\/index.php?rest_route=%2Fwp%2Fv2%2Fcomments&post=17"}],"version-history":[{"count":11,"href":"https:\/\/www.pilse-suchen.de\/index.php?rest_route=\/wp\/v2\/pages\/17\/revisions"}],"predecessor-version":[{"id":616,"href":"https:\/\/www.pilse-suchen.de\/index.php?rest_route=\/wp\/v2\/pages\/17\/revisions\/616"}],"wp:attachment":[{"href":"https:\/\/www.pilse-suchen.de\/index.php?rest_route=%2Fwp%2Fv2%2Fmedia&parent=17"}],"curies":[{"name":"wp","href":"https:\/\/api.w.org\/{rel}","templated":true}]}}