{"id":21,"date":"2024-01-29T20:38:20","date_gmt":"2024-01-29T19:38:20","guid":{"rendered":"https:\/\/www.pilse-suchen.de\/?page_id=21"},"modified":"2024-02-10T13:08:16","modified_gmt":"2024-02-10T12:08:16","slug":"kontakt","status":"publish","type":"page","link":"https:\/\/www.pilse-suchen.de\/?page_id=21","title":{"rendered":"Kontakt"},"content":{"rendered":"\n<p>Solltet Ihr Fragen haben zu unserem Verein, W\u00fcnsche und Antr\u00e4ge oder Verbesserungsvorschl\u00e4ge, Kritik oder dergleichen, wendet Euch bitte immer und jederzeit per Email an folgende Adresse:<\/p>\n\n\n\n<figure class=\"wp-block-image aligncenter size-full\"><img loading=\"lazy\" decoding=\"async\" width=\"295\" height=\"31\" src=\"https:\/\/www.pilse-suchen.de\/wp-content\/uploads\/2024\/02\/abx.gif\" alt=\"\" class=\"wp-image-5574\"\/><\/figure>\n\n\n\n<p>Wir hoffen, Ihr habt viel Spa\u00df auf unseren Seiten gehabt und auch Einiges bei uns gelernt. Schaut doch mal wieder rein &#8211; wir w\u00fcrden uns freuen.<\/p>\n\n\n\n<p>Euer PSV Vorstand<\/p>\n\n\n\n<p class=\"has-text-align-center\">Eine Produktion von<\/p>\n\n\n\n<figure class=\"wp-block-image aligncenter size-full\"><img loading=\"lazy\" decoding=\"async\" width=\"100\" height=\"100\" src=\"https:\/\/www.pilse-suchen.de\/wp-content\/uploads\/2024\/02\/grilltierchenlogo_klein.gif\" alt=\"\" class=\"wp-image-5575\"\/><\/figure>\n","protected":false},"excerpt":{"rendered":"<p>Solltet Ihr Fragen haben zu unserem Verein, W\u00fcnsche und Antr\u00e4ge oder Verbesserungsvorschl\u00e4ge, Kritik oder dergleichen, wendet Euch bitte immer und jederzeit per Email an folgende Adresse: Wir hoffen, Ihr habt viel Spa\u00df auf unseren Seiten gehabt und auch Einiges bei uns gelernt. Schaut doch mal wieder rein &#8211; wir w\u00fcrden uns freuen. Euer PSV Vorstand [&hellip;]<\/p>\n","protected":false},"author":1,"featured_media":0,"parent":0,"menu_order":0,"comment_status":"closed","ping_status":"closed","template":"","meta":{"ngg_post_thumbnail":0,"footnotes":""},"class_list":["post-21","page","type-page","status-publish","hentry"],"_links":{"self":[{"href":"https:\/\/www.pilse-suchen.de\/index.php?rest_route=\/wp\/v2\/pages\/21","targetHints":{"allow":["GET"]}}],"collection":[{"href":"https:\/\/www.pilse-suchen.de\/index.php?rest_route=\/wp\/v2\/pages"}],"about":[{"href":"https:\/\/www.pilse-suchen.de\/index.php?rest_route=\/wp\/v2\/types\/page"}],"author":[{"embeddable":true,"href":"https:\/\/www.pilse-suchen.de\/index.php?rest_route=\/wp\/v2\/users\/1"}],"replies":[{"embeddable":true,"href":"https:\/\/www.pilse-suchen.de\/index.php?rest_route=%2Fwp%2Fv2%2Fcomments&post=21"}],"version-history":[{"count":3,"href":"https:\/\/www.pilse-suchen.de\/index.php?rest_route=\/wp\/v2\/pages\/21\/revisions"}],"predecessor-version":[{"id":5577,"href":"https:\/\/www.pilse-suchen.de\/index.php?rest_route=\/wp\/v2\/pages\/21\/revisions\/5577"}],"wp:attachment":[{"href":"https:\/\/www.pilse-suchen.de\/index.php?rest_route=%2Fwp%2Fv2%2Fmedia&parent=21"}],"curies":[{"name":"wp","href":"https:\/\/api.w.org\/{rel}","templated":true}]}}