{"id":254,"date":"2024-02-02T13:11:18","date_gmt":"2024-02-02T12:11:18","guid":{"rendered":"https:\/\/www.pilse-suchen.de\/?page_id=254"},"modified":"2024-02-08T20:46:17","modified_gmt":"2024-02-08T19:46:17","slug":"pilse-suchen-1998","status":"publish","type":"page","link":"https:\/\/www.pilse-suchen.de\/?page_id=254","title":{"rendered":"Pilse Suchen 1998"},"content":{"rendered":"\n<p>10.10.1998<\/p>\n\n\n\n<figure class=\"wp-block-image size-full\"><img loading=\"lazy\" decoding=\"async\" width=\"827\" height=\"302\" src=\"https:\/\/www.pilse-suchen.de\/wp-content\/uploads\/2024\/02\/gruppe98.jpg\" alt=\"\" class=\"wp-image-625\" srcset=\"https:\/\/www.pilse-suchen.de\/wp-content\/uploads\/2024\/02\/gruppe98.jpg 827w, https:\/\/www.pilse-suchen.de\/wp-content\/uploads\/2024\/02\/gruppe98-300x110.jpg 300w, https:\/\/www.pilse-suchen.de\/wp-content\/uploads\/2024\/02\/gruppe98-768x280.jpg 768w, https:\/\/www.pilse-suchen.de\/wp-content\/uploads\/2024\/02\/gruppe98-600x219.jpg 600w\" sizes=\"auto, (max-width: 827px) 100vw, 827px\" \/><\/figure>\n\n\n\n<p>In diesem Jahr erfuhr der Pilse-Such-Verein einen H\u00f6hepunkt in der langj\u00e4hrigen Vereinsgeschichte. So hatte das Pilse Suchen in diesem Jahr nicht nur einen Teilnehmerrekord von \u00fcber 50 Pilsesucherinnen und -sucher zu verzeichnen, sondern auch einen fulminanten Durchbruch in den Medien.<\/p>\n\n\n\n<div class=\"wp-block-columns is-layout-flex wp-container-core-columns-is-layout-28f84493 wp-block-columns-is-layout-flex\">\n<div class=\"wp-block-column is-layout-flow wp-block-column-is-layout-flow\">\n<figure class=\"wp-block-image size-full\"><img loading=\"lazy\" decoding=\"async\" width=\"202\" height=\"303\" src=\"https:\/\/www.pilse-suchen.de\/wp-content\/uploads\/2024\/02\/psv_radio_2.jpg\" alt=\"\" class=\"wp-image-258\" srcset=\"https:\/\/www.pilse-suchen.de\/wp-content\/uploads\/2024\/02\/psv_radio_2.jpg 202w, https:\/\/www.pilse-suchen.de\/wp-content\/uploads\/2024\/02\/psv_radio_2-200x300.jpg 200w\" sizes=\"auto, (max-width: 202px) 100vw, 202px\" \/><\/figure>\n<\/div>\n\n\n\n<div class=\"wp-block-column is-layout-flow wp-block-column-is-layout-flow\">\n<figure class=\"wp-block-image size-full is-resized\"><img loading=\"lazy\" decoding=\"async\" width=\"320\" height=\"240\" src=\"https:\/\/www.pilse-suchen.de\/wp-content\/uploads\/2024\/02\/psv_radio_1.jpg\" alt=\"\" class=\"wp-image-259\" style=\"width:329px;height:auto\" srcset=\"https:\/\/www.pilse-suchen.de\/wp-content\/uploads\/2024\/02\/psv_radio_1.jpg 320w, https:\/\/www.pilse-suchen.de\/wp-content\/uploads\/2024\/02\/psv_radio_1-300x225.jpg 300w\" sizes=\"auto, (max-width: 320px) 100vw, 320px\" \/><\/figure>\n<\/div>\n<\/div>\n\n\n\n<p>So wurde die traditionelle Arbeit des PSV durch einen riesigen Zeitungsartikel in der regionalen Monopol-Presse gew\u00fcrdigt und, als besonderes Schmankerl, durch einen Beitrag im &#8222;Ruchsackradio&#8220; des Bayerischen Rundfunks. Auf unser <a href=\"https:\/\/www.pilse-suchen.de\/1998\/media\/anbayern1.pdf\">Anschreiben<\/a> hin ist Markus Tremml vom Bayerischen Rundfunk zu uns rausgefahren, um uns beim Pilse Suchen und Pilse Testen \u00fcber die Schulter zu schauen. <\/p>\n\n\n\n<figure class=\"wp-block-audio\"><audio controls src=\"https:\/\/www.pilse-suchen.de\/1998\/media\/psv_meets_bayern1.mp3\"><\/audio><\/figure>\n\n\n\nngg_shortcode_0_placeholder\n\n\n\n<div class=\"wp-block-buttons is-content-justification-center is-layout-flex wp-container-core-buttons-is-layout-a89b3969 wp-block-buttons-is-layout-flex\">\n<div class=\"wp-block-button\"><a class=\"wp-block-button__link has-text-align-center wp-element-button\" href=\"https:\/\/www.pilse-suchen.de\/?page_id=295\">Fotoalbum<\/a><\/div>\n<\/div>\n\n\n\n<div class=\"wp-block-columns is-layout-flex wp-container-core-columns-is-layout-28f84493 wp-block-columns-is-layout-flex\">\n<div class=\"wp-block-column is-layout-flow wp-block-column-is-layout-flow\" style=\"flex-basis:33.33%\">\n<figure class=\"wp-block-image size-full\"><img loading=\"lazy\" decoding=\"async\" width=\"373\" height=\"327\" src=\"https:\/\/www.pilse-suchen.de\/wp-content\/uploads\/2024\/02\/krombacher.jpg\" alt=\"\" class=\"wp-image-255\" srcset=\"https:\/\/www.pilse-suchen.de\/wp-content\/uploads\/2024\/02\/krombacher.jpg 373w, https:\/\/www.pilse-suchen.de\/wp-content\/uploads\/2024\/02\/krombacher-300x263.jpg 300w\" sizes=\"auto, (max-width: 373px) 100vw, 373px\" \/><\/figure>\n<\/div>\n\n\n\n<div class=\"wp-block-column is-layout-flow wp-block-column-is-layout-flow\" style=\"flex-basis:66.66%\">\n<p>Einen weiteren &#8222;Erfolg&#8220; verzeichneten wir, als wir auf der Suche nach Sponsoren bei einige Brauereien angefragt haben, ob sie nicht den traditionellen Pilse-Such-Verein unterst\u00fctzen wollen. Leider war die finanzielle Lage in Zeiten von harten \u00dcbernahmeschlachten nicht gerade rosig, gerade deshalb waren wir \u00fcber die Pr\u00e4sentkiste von Krombacher sehr erfreut.<\/p>\n<\/div>\n<\/div>\n\n\n\n<div class=\"wp-block-columns is-layout-flex wp-container-core-columns-is-layout-28f84493 wp-block-columns-is-layout-flex\">\n<div class=\"wp-block-column is-layout-flow wp-block-column-is-layout-flow\" style=\"flex-basis:66.66%\">\n<p>Mit dem Einzug von Computer und Co. fand auch beim PSV die Umstellung auf eine digitale Datenverarbeitung statt. In diesem Jahr pr\u00e4sentierten wir eine installierbare Version der Pilsdatenbank (damals noch mit ca. 20 erfassten Pilsn) mit Pl\u00f6pp- und Ausschankger\u00e4usch aller getesteten Pilse. Seit dem werden neue Pilse sofort im Computer erfasst und in die Online-Pilsdatenbank eingespeist, damit stets auf aktuelle Testergebnisse zugegriffen werden kann.<\/p>\n<\/div>\n\n\n\n<div class=\"wp-block-column is-layout-flow wp-block-column-is-layout-flow\" style=\"flex-basis:33.33%\">\n<figure class=\"wp-block-image size-full is-resized\"><img loading=\"lazy\" decoding=\"async\" width=\"250\" height=\"183\" src=\"https:\/\/www.pilse-suchen.de\/wp-content\/uploads\/2024\/02\/psvcdrom.gif\" alt=\"\" class=\"wp-image-256\" style=\"width:230px;height:auto\"\/><\/figure>\n<\/div>\n<\/div>\n\n\n\n<div class=\"wp-block-columns is-layout-flex wp-container-core-columns-is-layout-28f84493 wp-block-columns-is-layout-flex\">\n<div class=\"wp-block-column is-layout-flow wp-block-column-is-layout-flow\">\n<p>Als kr\u00f6nenden Abschluss dieses erfolgreichen Pilse Suchens sollte die K\u00fcr zum besten Pils des Jahres Aufschluss \u00fcber den Geschmack der Pilsesucherinnen und -sucher geben. Als Zeichen der Anerkennung sollte der Sieger-Brauerei eine Urkunde mit den Unterschriften der Teilnehmer \u00fcberreicht werden. Nachdem die Teilnehmer v\u00f6llig \u00fcberraschend das heimische Pils aus Kaltenberg zu Ihrem Favoriten gew\u00e4hlt haben, wollten wir eine pers\u00f6nliche \u00dcberreichung mit unserem Schirmherren vereinbaren. Als Antwort wurden wir zu einer Brauereibesichtigung eingeladen, die jedoch aufgrund von Termin\u00fcberschneidungen nicht stattfinden konnte. Erst 2002 konnten wir dann die Brauerei besichtigen &#8211; und das sogar mit der gesamten Teilnehmerschaft!<\/p>\n<\/div>\n\n\n\n<div class=\"wp-block-column is-layout-flow wp-block-column-is-layout-flow\">\n<figure class=\"wp-block-image size-full is-resized\"><img loading=\"lazy\" decoding=\"async\" width=\"200\" height=\"150\" src=\"https:\/\/www.pilse-suchen.de\/wp-content\/uploads\/2024\/02\/besichtigung.jpg\" alt=\"\" class=\"wp-image-257\" style=\"width:327px;height:auto\"\/><\/figure>\n<\/div>\n<\/div>\n\n\n\n<h4 class=\"wp-block-heading has-text-align-center\">Brosch\u00fcre<\/h4>\n\n\n<a href=\"https:\/\/www.pilse-suchen.de\/wp-content\/uploads\/2024\/02\/broschuere1998.pdf\" class=\"pdfemb-viewer\" style=\"width:500px;\" data-width=\"500\" data-height=\"max\" data-toolbar=\"bottom\" data-toolbar-fixed=\"off\">broschuere1998<\/a>\n<p class=\"wp-block-pdfemb-pdf-embedder-viewer\"><\/p>\n\n\n\n<h4 class=\"wp-block-heading has-text-align-center\">Gru\u00dfwort<\/h4>\n\n\n\n<figure class=\"wp-block-image aligncenter size-full is-resized\"><img loading=\"lazy\" decoding=\"async\" width=\"455\" height=\"645\" src=\"https:\/\/www.pilse-suchen.de\/wp-content\/uploads\/2024\/02\/grusswort.gif\" alt=\"\" class=\"wp-image-260\" style=\"width:497px;height:auto\"\/><\/figure>\n\n\n\n<h4 class=\"wp-block-heading has-text-align-center\">Anschreiben an Bayern1<\/h4>\n\n\n<a href=\"https:\/\/www.pilse-suchen.de\/wp-content\/uploads\/2024\/02\/anbayern1.pdf\" class=\"pdfemb-viewer\" style=\"width:500px;\" data-width=\"500\" data-height=\"max\" data-toolbar=\"bottom\" data-toolbar-fixed=\"off\">anbayern1<\/a>\n<p class=\"wp-block-pdfemb-pdf-embedder-viewer\"><\/p>\n\n\n\n<h4 class=\"wp-block-heading has-text-align-center\">Anschreiben an Brauereien<\/h4>\n\n\n<a href=\"https:\/\/www.pilse-suchen.de\/wp-content\/uploads\/2024\/02\/brauereien.pdf\" class=\"pdfemb-viewer\" style=\"width:500px;\" data-width=\"500\" data-height=\"max\" data-toolbar=\"bottom\" data-toolbar-fixed=\"off\">brauereien<\/a>\n<p class=\"wp-block-pdfemb-pdf-embedder-viewer\"><\/p>\n\n\n\n<h4 class=\"wp-block-heading has-text-align-center\">Anschreiben an Prinz Luitpolt bzgl. PSV Award<\/h4>\n\n\n<a href=\"https:\/\/www.pilse-suchen.de\/wp-content\/uploads\/2024\/02\/award.pdf\" class=\"pdfemb-viewer\" style=\"width:500px;\" data-width=\"500\" data-height=\"max\" data-toolbar=\"bottom\" data-toolbar-fixed=\"off\">award<\/a>\n<p class=\"wp-block-pdfemb-pdf-embedder-viewer\"><\/p>\n","protected":false},"excerpt":{"rendered":"<p>10.10.1998 In diesem Jahr erfuhr der Pilse-Such-Verein einen H\u00f6hepunkt in der langj\u00e4hrigen Vereinsgeschichte. So hatte das Pilse Suchen in diesem Jahr nicht nur einen Teilnehmerrekord von \u00fcber 50 Pilsesucherinnen und -sucher zu verzeichnen, sondern auch einen fulminanten Durchbruch in den Medien. So wurde die traditionelle Arbeit des PSV durch einen riesigen Zeitungsartikel in der regionalen [&hellip;]<\/p>\n","protected":false},"author":1,"featured_media":260,"parent":12,"menu_order":0,"comment_status":"closed","ping_status":"closed","template":"","meta":{"ngg_post_thumbnail":0,"footnotes":""},"class_list":["post-254","page","type-page","status-publish","has-post-thumbnail","hentry"],"_links":{"self":[{"href":"https:\/\/www.pilse-suchen.de\/index.php?rest_route=\/wp\/v2\/pages\/254","targetHints":{"allow":["GET"]}}],"collection":[{"href":"https:\/\/www.pilse-suchen.de\/index.php?rest_route=\/wp\/v2\/pages"}],"about":[{"href":"https:\/\/www.pilse-suchen.de\/index.php?rest_route=\/wp\/v2\/types\/page"}],"author":[{"embeddable":true,"href":"https:\/\/www.pilse-suchen.de\/index.php?rest_route=\/wp\/v2\/users\/1"}],"replies":[{"embeddable":true,"href":"https:\/\/www.pilse-suchen.de\/index.php?rest_route=%2Fwp%2Fv2%2Fcomments&post=254"}],"version-history":[{"count":25,"href":"https:\/\/www.pilse-suchen.de\/index.php?rest_route=\/wp\/v2\/pages\/254\/revisions"}],"predecessor-version":[{"id":3535,"href":"https:\/\/www.pilse-suchen.de\/index.php?rest_route=\/wp\/v2\/pages\/254\/revisions\/3535"}],"up":[{"embeddable":true,"href":"https:\/\/www.pilse-suchen.de\/index.php?rest_route=\/wp\/v2\/pages\/12"}],"wp:featuredmedia":[{"embeddable":true,"href":"https:\/\/www.pilse-suchen.de\/index.php?rest_route=\/wp\/v2\/media\/260"}],"wp:attachment":[{"href":"https:\/\/www.pilse-suchen.de\/index.php?rest_route=%2Fwp%2Fv2%2Fmedia&parent=254"}],"curies":[{"name":"wp","href":"https:\/\/api.w.org\/{rel}","templated":true}]}}