{"id":3449,"date":"2024-02-08T19:46:01","date_gmt":"2024-02-08T18:46:01","guid":{"rendered":"https:\/\/www.pilse-suchen.de\/?page_id=3449"},"modified":"2024-02-10T10:37:40","modified_gmt":"2024-02-10T09:37:40","slug":"pilse-suchen-2004","status":"publish","type":"page","link":"https:\/\/www.pilse-suchen.de\/?page_id=3449","title":{"rendered":"Pilse Suchen 2004"},"content":{"rendered":"\n<p>30.10.2004<\/p>\n\n\n\n<p>Eine rekordverd\u00e4chtige Teilnehmerzahl von beinahe 60 Pilsesucherinnen und Pilsesuchern fand sich dieses Jahr zum traditionellen Pilse Suchen ein.<img decoding=\"async\" class=\"floatleft\" src=\"https:\/\/www.pilse-suchen.de\/fotoalbum\/index.php?cmd=image&amp;sfpg=MjAwNC8qYnVzLmpwZyoyY2Y0OTQwODhiNjM4OTk4NmRiOWE5NmU2ODNjZGU3Yw\"> Traumhaftes Wetter mit sp\u00e4therbstlichem Sonnenschein und milden Temperaturen verleitete die Teilnehmer bereits im Pilswald zu spontanen Verk\u00f6stigungen und Fotositzungen.<\/p>\n\n\n\n<p>Auch in diesem Jahr durfte sich der Vorstand wieder auf viele neue und ambitionierte Pilsebegeisterte freuen, denen an diesem Nachmittag die bl\u00fchende Pilskultur um Kaufering und Landsberg n\u00e4her gebracht wurde.<\/p>\n\n\n\n<p>Ein besonderer H\u00f6hepunkt war die anschliessende Panoramafahrt, bei der in einem Umzug das Schloss Kaltenberg unseres Schirmherren SKH Prinz Luitpold von Bayern besichtigt wurde. Der Prinz selbst konnte leider auch dieses Jahr nicht dabei sein.<\/p>\n\n\n\n<p>Nach soviel frischer Luft freuten sich alle auf die Bayerische Brotzeit mit warmem Leberk\u00e4s, Brezn, Radi, Obazdn, und, und, und&#8230; Schon bald war die Stimmung am kochen und f\u00fcr alle, die sich nicht zu sehr f\u00fcr das Singen und Tanzen (auf den Tischen!) begeistern konnten, stand schon die gro\u00dfe Sch\u00fcssel Obstlersalat bereit.<img decoding=\"async\" class=\"floatright\" src=\"https:\/\/www.pilse-suchen.de\/fotoalbum\/index.php?cmd=image&amp;sfpg=MjAwNC8qdW16dWcuanBnKjgxMWMyMzk3YzMwYzFiODVjMWU1OTJmMzY1ODg3NDk5\"><\/p>\n\n\n\n<p>Die letzten Teilnehmer, die gegen Mitternacht aus der Pilshalle gefegt wurden, freuten sich schon auf Ihre Bettchen und dass ihnen die Zeitumstellung in dieser Nacht eine weitere Stunde Schlaf schenkte.<\/p>\n\n\n\n<div style=\"height:19px\" aria-hidden=\"true\" class=\"wp-block-spacer\"><\/div>\n\n\n\n<figure class=\"wp-block-image size-full\"><img loading=\"lazy\" decoding=\"async\" width=\"800\" height=\"591\" src=\"https:\/\/www.pilse-suchen.de\/wp-content\/uploads\/2024\/02\/gruppe-1.jpg\" alt=\"\" class=\"wp-image-3554\" srcset=\"https:\/\/www.pilse-suchen.de\/wp-content\/uploads\/2024\/02\/gruppe-1.jpg 800w, https:\/\/www.pilse-suchen.de\/wp-content\/uploads\/2024\/02\/gruppe-1-300x222.jpg 300w, https:\/\/www.pilse-suchen.de\/wp-content\/uploads\/2024\/02\/gruppe-1-768x567.jpg 768w, https:\/\/www.pilse-suchen.de\/wp-content\/uploads\/2024\/02\/gruppe-1-600x443.jpg 600w\" sizes=\"auto, (max-width: 800px) 100vw, 800px\" \/><\/figure>\n\n\n\n<div class=\"wp-block-buttons is-content-justification-center is-layout-flex wp-container-core-buttons-is-layout-a89b3969 wp-block-buttons-is-layout-flex\">\n<div class=\"wp-block-button\"><a class=\"wp-block-button__link wp-element-button\" href=\"https:\/\/www.pilse-suchen.de\/?page_id=1196\">Fotoalbum<\/a><\/div>\n<\/div>\n\n\n\n<h2 class=\"wp-block-heading has-text-align-center\">Brosch\u00fcre<\/h2>\n\n\n<a href=\"https:\/\/www.pilse-suchen.de\/wp-content\/uploads\/2024\/02\/broschuere2004.pdf\" class=\"pdfemb-viewer\" style=\"width:500px;\" data-width=\"500\" data-height=\"max\" data-toolbar=\"bottom\" data-toolbar-fixed=\"off\">broschuere2004<\/a>\n<p class=\"wp-block-pdfemb-pdf-embedder-viewer\"><\/p>\n\n\n\n<h2 class=\"wp-block-heading has-text-align-center\">Gru\u00dfwort<\/h2>\n\n\n<a href=\"https:\/\/www.pilse-suchen.de\/wp-content\/uploads\/2024\/02\/grusswort-1.pdf\" class=\"pdfemb-viewer\" style=\"width:500px;\" data-width=\"500\" data-height=\"max\" data-toolbar=\"bottom\" data-toolbar-fixed=\"off\">grusswort-1<\/a>\n<p class=\"wp-block-pdfemb-pdf-embedder-viewer\"><\/p>\n\n\n\n<h2 class=\"wp-block-heading has-text-align-center\">Einladung 2004<\/h2>\n\n\n<a href=\"https:\/\/www.pilse-suchen.de\/wp-content\/uploads\/2024\/02\/einladung2004.pdf\" class=\"pdfemb-viewer\" style=\"width:500px;\" data-width=\"500\" data-height=\"max\" data-toolbar=\"bottom\" data-toolbar-fixed=\"off\">einladung2004<\/a>\n<p class=\"wp-block-pdfemb-pdf-embedder-viewer\"><\/p>\n","protected":false},"excerpt":{"rendered":"<p>30.10.2004 Eine rekordverd\u00e4chtige Teilnehmerzahl von beinahe 60 Pilsesucherinnen und Pilsesuchern fand sich dieses Jahr zum traditionellen Pilse Suchen ein. Traumhaftes Wetter mit sp\u00e4therbstlichem Sonnenschein und milden Temperaturen verleitete die Teilnehmer bereits im Pilswald zu spontanen Verk\u00f6stigungen und Fotositzungen. Auch in diesem Jahr durfte sich der Vorstand wieder auf viele neue und ambitionierte Pilsebegeisterte freuen, denen [&hellip;]<\/p>\n","protected":false},"author":1,"featured_media":0,"parent":12,"menu_order":0,"comment_status":"closed","ping_status":"closed","template":"","meta":{"ngg_post_thumbnail":0,"footnotes":""},"class_list":["post-3449","page","type-page","status-publish","hentry"],"_links":{"self":[{"href":"https:\/\/www.pilse-suchen.de\/index.php?rest_route=\/wp\/v2\/pages\/3449","targetHints":{"allow":["GET"]}}],"collection":[{"href":"https:\/\/www.pilse-suchen.de\/index.php?rest_route=\/wp\/v2\/pages"}],"about":[{"href":"https:\/\/www.pilse-suchen.de\/index.php?rest_route=\/wp\/v2\/types\/page"}],"author":[{"embeddable":true,"href":"https:\/\/www.pilse-suchen.de\/index.php?rest_route=\/wp\/v2\/users\/1"}],"replies":[{"embeddable":true,"href":"https:\/\/www.pilse-suchen.de\/index.php?rest_route=%2Fwp%2Fv2%2Fcomments&post=3449"}],"version-history":[{"count":4,"href":"https:\/\/www.pilse-suchen.de\/index.php?rest_route=\/wp\/v2\/pages\/3449\/revisions"}],"predecessor-version":[{"id":3559,"href":"https:\/\/www.pilse-suchen.de\/index.php?rest_route=\/wp\/v2\/pages\/3449\/revisions\/3559"}],"up":[{"embeddable":true,"href":"https:\/\/www.pilse-suchen.de\/index.php?rest_route=\/wp\/v2\/pages\/12"}],"wp:attachment":[{"href":"https:\/\/www.pilse-suchen.de\/index.php?rest_route=%2Fwp%2Fv2%2Fmedia&parent=3449"}],"curies":[{"name":"wp","href":"https:\/\/api.w.org\/{rel}","templated":true}]}}