{"id":3453,"date":"2024-02-08T19:46:33","date_gmt":"2024-02-08T18:46:33","guid":{"rendered":"https:\/\/www.pilse-suchen.de\/?page_id=3453"},"modified":"2024-02-10T10:49:53","modified_gmt":"2024-02-10T09:49:53","slug":"pilse-suchen-2006","status":"publish","type":"page","link":"https:\/\/www.pilse-suchen.de\/?page_id=3453","title":{"rendered":"Pilse Suchen 2006"},"content":{"rendered":"\n<p>30.09.2006<\/p>\n\n\n\n<p>10 Jahre Pilse-Suchen, ein Ereignis der Superlative!<br>Bei sch\u00f6nstem Sp\u00e4tsommer- bis Herbstwetter begingen 54 enthusiatische Pilse-Sucher- und Sucherinnen das Vereinsereignis des Jahrzehnts.<\/p>\n\n\n\n<figure class=\"wp-block-image\"><img decoding=\"async\" src=\"https:\/\/www.pilse-suchen.de\/fotoalbum\/index.php?cmd=image&amp;sfpg=MjAwNi8qMjAwNl8wOV8zMC0xNl8wMV8xNi0yMDUuSlBHKjUxOThhYjJjZTY1ODQ1MjgyZTMwNGQxZDQxMjNlY2E5\" alt=\"\"\/><\/figure>\n\n\n\n<p>Auch dieses Jahr gin es traditionellerweise mit dem Panaroma-Shuttlebus von Klaus Reisen aus Mindelheim, in die \u00fcppigen Pilsgr\u00fcnde. Begleitet von der Stadtjugenkapelle war eine reiche Ernte so gut wie sicher. Durch das traumhaft sch\u00f6ne Wetter animiert, rasteten viele Pilse-Sucher im Wald und verkosteten vor Ort die k\u00f6stlichen Kleinode des Lechrains.<\/p>\n\n\n\n<p>Nach zwei viel zu kurzen Stunden in unseren herrlichen heimischen W\u00e4ldern war es dann wieder Zeit f\u00fcr die Panorama \u00dcberlandfahrt zum Schloss Kaltenberg. Entgegen des sonst \u00fcblichen Festumzuges durch den Schlosshof stand diesmal eine Gedenkminute auf dem Programm in der dem Kaltenberger-Pils gedacht wurde, das in diesem Jahr \u00fcberraschend dem kommerziellen Industriepils zum Opfer gefallen ist. Der Pilse-Such-Verein bedauert diese Tatsache zutiefst.<\/p>\n\n\n\n<p>Die leicht getr\u00fcbte Stimmung wurde auf der R\u00fcckfahrt zur Pilshalle mit einigen Gegenpilsen erfolgreich behandelt. Das traditionelle Pilsfest begann wie \u00fcblich mit der allseits beliebten reichsthaltigen Brotzeit. Nachdem alle wieder gest\u00e4rkt waren, gab es erstmalig eine Pils-K\u00f6nigInnen Wahl, bei der alle Teilnehmer das K\u00f6nigspaar des Jahres 2006 w\u00e4hlen durften. Auch ein Wettbewerb, bei dem in erster Linie Bayerische Sprachkenntnisse gefragt waren stand auf dem Programm.<\/p>\n\n\n\n<p>Wie jedes Jahr war auch das Pilse-Suchen 2006 eine sehr gelungene Veranstaltung die ihresgleichen sucht. Wir freuen uns bereits jetzt schon auf das kommende Jubil\u00e4um im n\u00e4chsten Jahr, wenn es zum 10. mal hei\u00dft: Pilse-Suchen!<\/p>\n\n\n\n<figure class=\"wp-block-image size-full\"><img loading=\"lazy\" decoding=\"async\" width=\"800\" height=\"543\" src=\"https:\/\/www.pilse-suchen.de\/wp-content\/uploads\/2024\/02\/gruppe-3.jpg\" alt=\"\" class=\"wp-image-3569\" srcset=\"https:\/\/www.pilse-suchen.de\/wp-content\/uploads\/2024\/02\/gruppe-3.jpg 800w, https:\/\/www.pilse-suchen.de\/wp-content\/uploads\/2024\/02\/gruppe-3-300x204.jpg 300w, https:\/\/www.pilse-suchen.de\/wp-content\/uploads\/2024\/02\/gruppe-3-768x521.jpg 768w, https:\/\/www.pilse-suchen.de\/wp-content\/uploads\/2024\/02\/gruppe-3-600x407.jpg 600w\" sizes=\"auto, (max-width: 800px) 100vw, 800px\" \/><\/figure>\n\n\n\n<div class=\"wp-block-buttons is-content-justification-center is-layout-flex wp-container-core-buttons-is-layout-a89b3969 wp-block-buttons-is-layout-flex\">\n<div class=\"wp-block-button\"><a class=\"wp-block-button__link wp-element-button\" href=\"https:\/\/www.pilse-suchen.de\/?page_id=2620\">Fotoalbum<\/a><\/div>\n<\/div>\n\n\n\n<h2 class=\"wp-block-heading has-text-align-center\">Brosch\u00fcre (Druckvorlage)<\/h2>\n\n\n<div class=\"wp-block-pdfemb-pdf-embedder-viewer\"><a href=\"https:\/\/www.pilse-suchen.de\/wp-content\/uploads\/2024\/02\/broschuere2006_druckvorlage-min.pdf\" class=\"pdfemb-viewer\" style=\"width:500px;\" data-width=\"500\" data-height=\"max\" data-toolbar=\"bottom\" data-toolbar-fixed=\"off\">broschuere2006_druckvorlage-min<\/a><\/div>\n<p class=\"wp-block-pdfemb-pdf-embedder-viewer\"><\/p>\n\n\n\n<h2 class=\"wp-block-heading has-text-align-center\">Gru\u00dfwort<\/h2>\n\n\n\n<p>Aus bisher ungekl\u00e4rten Gr\u00fcnden hat unser Schirmherr Prinz Luitpolt von Bayern es dieses Jahr nicht f\u00fcr n\u00f6tig gehalten den Pilsesuchern ein tradtitionelles Gru\u00dfwort f\u00fcr die Brosch\u00fcre zu \u00fcbersenden. Dar\u00fcber sind wir sehr entt\u00e4uscht, konnten wir doch bisher immer auf seinen fachkundigen Beistand z\u00e4hlen.<\/p>\n\n\n\n<p>Vielleicht hatte K\u00f6nig ja nur Urlaub. Vielleicht ist das Gru\u00dfwort ja in der Post verlorengegangen. Vielleicht war die Faxnummer falsch. Vielleicht wurde es vom Bierlaster \u00fcberfahren. Wir wissen es nicht!<\/p>\n\n\n\n<p>Falls wir n\u00e4here Informationen \u00fcber das mysteri\u00f6se Verschwinden des Gru\u00dfwortes bekommen, werden wir an dieser Stelle selbstverst\u00e4ndlich dar\u00fcber berichten.<\/p>\n\n\n\n<p>Stellvertretend hier das Gru\u00dfwort f\u00fcr die Jubil\u00e4umsbrosch\u00fcre vom PSV Vorstand:<\/p>\n\n\n\n<h4 class=\"wp-block-heading\">Pilse-Such-Verein wird 10 Jahre alt.<\/h4>\n\n\n\n<p>Auch der Pilse-Such-Verein wird ein St\u00fcck Geschichte schreiben . so k\u00f6nnte man das 10 j\u00e4hrige Bestehen dieses Traditionsvereins gut zusammenfassen.<\/p>\n\n\n\n<p>1996 schlossen sich damals extrem junge Erwachsene, die man durchaus noch als Jugendliche bezeichnen konnten zusammen, um den Werteverfall beim Konsumieren von Pilsen ein Ende zu setzen. Schon damals erkannten sie, dass beim Genuss von guten Pilsen ein extrem sorgf\u00e4ltiger Umgang unabdinglich ist. Nach intensiven Studien wurde den Vorst\u00e4nden des Vereins bewusst, dass dieses bis dato neu er-\/gefundene Wissen der Nachwelt auf jeden Fall weitergegeben werden muss. Daher lud der PSV an einem lauen Novembertag im Jahre 1996 15 wagemutige zum ersten Pilse-Suchen ein.<\/p>\n\n\n\n<p>Die Jahre zogen ins Land und der Pilswald wurde immer besser gepflegt und gehegt und so konnten auch gr\u00f6\u00dfere Gruppen zum Pilsesuchen gewonnen werden und die Veranstaltung wurde zu einer Attraktion f\u00fcr jung und alt, die seines gleichen in Bayern und dem Rest der Welt sucht.<\/p>\n\n\n\n<p>Der Erfolg des Pilse-Such-Vereins w\u00e4re nicht ohne die kontinuierliche Unterst\u00fctzung des einzig wahren K\u00f6nigs . Prinz Luitpold von Bayern m\u00f6glich. Jedes Jahr steht uns seine k\u00f6nigliche Hoheit mit einer Botschaft zur Seite und diese hat schon den einen oder anderen Pilssucher vor einer Pilsmutation gewarnt. Hiermit m\u00f6chte sich der Vorstand vom Pilse-Such-Verein nochmals ausdr\u00fccklich davon distanzieren, den K\u00f6nig zu st\u00fcrzen, diese Ger\u00fcchte sind seit dem Jahr 2005 bei den Pilsfreunden in Umlauf und sind absolut nicht zutreffend.<\/p>\n\n\n\n<p>Der Pilse-Such-Verein, der sich als Traditionsverein sieht, muss sich nat\u00fcrlich auch immer wieder neuen gesellschaftlichen Herausforderungen stellen und wird sich daher in Zukunft intensiv mit den neuen gr\u00f6\u00dftenteils Englischsprachigen Pilsen besch\u00e4ftigen m\u00fcssen und warnt jetzt schon einmal vor einem nicht fachgerechten genie\u00dfen dieser Pilse, da erste Tests schon die Bef\u00fcrchtungen des Vorstands best\u00e4tigten, dass es immer mehr gef\u00e4hrliche Pils . Giftpilsmutationen gibt. Ersten Erkenntnissen nach k\u00f6nnte dies eine der ersten Auswirkungen der globalen Klimaerw\u00e4rmung sein.<\/p>\n\n\n\n<p>Wir m\u00f6chten uns bei allen Pilssuchern der letzten 10 Jahre herzlich f\u00fcr ihr Verst\u00e4ndnis um die Sorgfalt und Pflege im Umgang mit diesem in unserer Gegend einmaligen Pilsbestand und dessen Erhalt im Einklang mit der Natur sowie deren Ausgewogenheit und anderen Angewohnheiten, bedanken. Mit Freude blicken wir auf die sch\u00f6nen Stunden beim traditionellen Pilsfest zur\u00fcck und m\u00f6chten beim 10-Jahresfest des Pilse-Such-Vereins ein ganz besonderes Pils mit euch genie\u00dfen.<\/p>\n\n\n\n<h2 class=\"wp-block-heading has-text-align-center\">Einladung 2006<\/h2>\n\n\n<div class=\"wp-block-pdfemb-pdf-embedder-viewer\"><a href=\"https:\/\/www.pilse-suchen.de\/wp-content\/uploads\/2024\/02\/einladung2006.pdf\" class=\"pdfemb-viewer\" style=\"width:500px;\" data-width=\"500\" data-height=\"max\" data-toolbar=\"bottom\" data-toolbar-fixed=\"off\">einladung2006<\/a><\/div>\n<p class=\"wp-block-pdfemb-pdf-embedder-viewer\"><\/p>\n","protected":false},"excerpt":{"rendered":"<p>30.09.2006 10 Jahre Pilse-Suchen, ein Ereignis der Superlative!Bei sch\u00f6nstem Sp\u00e4tsommer- bis Herbstwetter begingen 54 enthusiatische Pilse-Sucher- und Sucherinnen das Vereinsereignis des Jahrzehnts. Auch dieses Jahr gin es traditionellerweise mit dem Panaroma-Shuttlebus von Klaus Reisen aus Mindelheim, in die \u00fcppigen Pilsgr\u00fcnde. Begleitet von der Stadtjugenkapelle war eine reiche Ernte so gut wie sicher. Durch das traumhaft [&hellip;]<\/p>\n","protected":false},"author":1,"featured_media":0,"parent":12,"menu_order":0,"comment_status":"closed","ping_status":"closed","template":"","meta":{"ngg_post_thumbnail":0,"footnotes":""},"class_list":["post-3453","page","type-page","status-publish","hentry"],"_links":{"self":[{"href":"https:\/\/www.pilse-suchen.de\/index.php?rest_route=\/wp\/v2\/pages\/3453","targetHints":{"allow":["GET"]}}],"collection":[{"href":"https:\/\/www.pilse-suchen.de\/index.php?rest_route=\/wp\/v2\/pages"}],"about":[{"href":"https:\/\/www.pilse-suchen.de\/index.php?rest_route=\/wp\/v2\/types\/page"}],"author":[{"embeddable":true,"href":"https:\/\/www.pilse-suchen.de\/index.php?rest_route=\/wp\/v2\/users\/1"}],"replies":[{"embeddable":true,"href":"https:\/\/www.pilse-suchen.de\/index.php?rest_route=%2Fwp%2Fv2%2Fcomments&post=3453"}],"version-history":[{"count":6,"href":"https:\/\/www.pilse-suchen.de\/index.php?rest_route=\/wp\/v2\/pages\/3453\/revisions"}],"predecessor-version":[{"id":3576,"href":"https:\/\/www.pilse-suchen.de\/index.php?rest_route=\/wp\/v2\/pages\/3453\/revisions\/3576"}],"up":[{"embeddable":true,"href":"https:\/\/www.pilse-suchen.de\/index.php?rest_route=\/wp\/v2\/pages\/12"}],"wp:attachment":[{"href":"https:\/\/www.pilse-suchen.de\/index.php?rest_route=%2Fwp%2Fv2%2Fmedia&parent=3453"}],"curies":[{"name":"wp","href":"https:\/\/api.w.org\/{rel}","templated":true}]}}