{"id":3455,"date":"2024-02-08T19:46:53","date_gmt":"2024-02-08T18:46:53","guid":{"rendered":"https:\/\/www.pilse-suchen.de\/?page_id=3455"},"modified":"2024-02-10T10:59:28","modified_gmt":"2024-02-10T09:59:28","slug":"pilse-suchen-2007","status":"publish","type":"page","link":"https:\/\/www.pilse-suchen.de\/?page_id=3455","title":{"rendered":"Pilse Suchen 2007"},"content":{"rendered":"\n<p>06.10.2007<\/p>\n\n\n\n<p>Das Pilse Suchen 2007 war wieder einmal ein tolles Spektakel mit viel Sonne, frischer Luft und Gem\u00fctlichkeit &#8211; und nat\u00fcrlich Pilse im \u00dcberfluss. 50 Pilsesucherinnen und -sucher fanden sich an diesem traumhaften Herbsttag zum traditionellen Pilse Suchen ein.<\/p>\n\n\n\n<figure class=\"wp-block-image\"><img decoding=\"async\" src=\"https:\/\/www.pilse-suchen.de\/fotoalbum\/index.php?cmd=image&amp;sfpg=MjAwNy8xX0RpZSBQaWxzc3VjaGUvKnBzMDctMTQyLmpwZyozM2Q3Zjc5NzBmMjg1YWM5MzI2YjZmMzIwMWIyNTcyMQ\" alt=\"\"\/><\/figure>\n\n\n\n<p>In traditioneller Weise brachte uns der von Klaus Reisen aus Mindelheim gesponsorte Pilsbus sicher in den Pilswald. Dort lie\u00dfen sich die Pilsfreunde dieses Mal, durch das warme Wetter und die gute Stimmung motiviert, besonders viel Zeit bei der Suche. \u00dcberall konnte man gem\u00fctlichen Runden beim Fachsimpeln zuh\u00f6ren. Bei der anschlie\u00dfenden Panoramafahrt ging es wieder einmal zum Schloss Kaltenberg, um unserem Schirmherren die Ehre zu erweisen. Nachdem ja letztes Jahr das Gru\u00dfwort leider nicht mehr rechtzeitig bei uns angekommen ist, hat sich SKH Prinz Luitpolt von Bayern dieses Jahr beim Gru\u00dfwort beinahe selbst \u00fcbertroffen &#8211; und dazu dem Pilse-Such-Verein und seinen Mitgliedern 6 Kisten Bier spendiert. Ein Hoch auf unseren K\u00f6nig!<\/p>\n\n\n\n<p>Beim Pilsfest gab es nach der defitgen Brotzeit mit Leberk\u00e4s aber das eigentliche Highlight des Abends: der &#8218;Stoandl Michl&#8216; sorgte mit seinen Gstanzln den ganzen Abend f\u00fcr ausgelassene Stimmung und begeisterte die Pilsfreunde mit spontanen Einlagen und pers\u00f6nlichen Zweizeilern, bei denen vor allem die Prei\u00dfn nicht zu kurz kamen.<img decoding=\"async\" src=\"https:\/\/www.pilse-suchen.de\/fotoalbum\/index.php?cmd=image&amp;sfpg=MjAwNy8yX0RhcyBQaWxzZmVzdC8qcHMwNy0yNDguanBnKjAzMzMyZmYyMmYyY2E4Nzc4Y2EwYjJjMjg2MTQxOGQ4\" width=\"350px\"><\/p>\n\n\n\n<p>Alles in allem ein wundersch\u00f6ner Abend, der vielen in freudiger Erinnerung bleiben wird!<\/p>\n\n\n\n<figure class=\"wp-block-image size-full\"><img loading=\"lazy\" decoding=\"async\" width=\"721\" height=\"480\" src=\"https:\/\/www.pilse-suchen.de\/wp-content\/uploads\/2024\/02\/gruppe-6.jpg\" alt=\"\" class=\"wp-image-3581\" srcset=\"https:\/\/www.pilse-suchen.de\/wp-content\/uploads\/2024\/02\/gruppe-6.jpg 721w, https:\/\/www.pilse-suchen.de\/wp-content\/uploads\/2024\/02\/gruppe-6-300x200.jpg 300w, https:\/\/www.pilse-suchen.de\/wp-content\/uploads\/2024\/02\/gruppe-6-600x399.jpg 600w\" sizes=\"auto, (max-width: 721px) 100vw, 721px\" \/><\/figure>\n\n\n\n<div class=\"wp-block-buttons is-content-justification-center is-layout-flex wp-container-core-buttons-is-layout-a89b3969 wp-block-buttons-is-layout-flex\">\n<div class=\"wp-block-button\"><a class=\"wp-block-button__link wp-element-button\" href=\"https:\/\/www.pilse-suchen.de\/?page_id=2622\">Fotoalbum<\/a><\/div>\n<\/div>\n\n\n\n<h2 class=\"wp-block-heading has-text-align-center\">Pilsk\u00f6nigspaar 2007<\/h2>\n\n\n\n<figure data-wp-context=\"{&quot;imageId&quot;:&quot;69e5695d0f3b3&quot;}\" data-wp-interactive=\"core\/image\" data-wp-key=\"69e5695d0f3b3\" class=\"wp-block-image aligncenter size-medium wp-lightbox-container\"><img loading=\"lazy\" decoding=\"async\" width=\"174\" height=\"300\" data-wp-class--hide=\"state.isContentHidden\" data-wp-class--show=\"state.isContentVisible\" data-wp-init=\"callbacks.setButtonStyles\" data-wp-on--click=\"actions.showLightbox\" data-wp-on--load=\"callbacks.setButtonStyles\" data-wp-on-window--resize=\"callbacks.setButtonStyles\" src=\"https:\/\/www.pilse-suchen.de\/wp-content\/uploads\/2024\/02\/koenigspaar2006-174x300.jpg\" alt=\"\" class=\"wp-image-3587\" srcset=\"https:\/\/www.pilse-suchen.de\/wp-content\/uploads\/2024\/02\/koenigspaar2006-174x300.jpg 174w, https:\/\/www.pilse-suchen.de\/wp-content\/uploads\/2024\/02\/koenigspaar2006.jpg 347w\" sizes=\"auto, (max-width: 174px) 100vw, 174px\" \/><button\n\t\t\tclass=\"lightbox-trigger\"\n\t\t\ttype=\"button\"\n\t\t\taria-haspopup=\"dialog\"\n\t\t\taria-label=\"Vergr\u00f6\u00dfern\"\n\t\t\tdata-wp-init=\"callbacks.initTriggerButton\"\n\t\t\tdata-wp-on--click=\"actions.showLightbox\"\n\t\t\tdata-wp-style--right=\"state.imageButtonRight\"\n\t\t\tdata-wp-style--top=\"state.imageButtonTop\"\n\t\t>\n\t\t\t<svg xmlns=\"http:\/\/www.w3.org\/2000\/svg\" width=\"12\" height=\"12\" fill=\"none\" viewBox=\"0 0 12 12\">\n\t\t\t\t<path fill=\"#fff\" d=\"M2 0a2 2 0 0 0-2 2v2h1.5V2a.5.5 0 0 1 .5-.5h2V0H2Zm2 10.5H2a.5.5 0 0 1-.5-.5V8H0v2a2 2 0 0 0 2 2h2v-1.5ZM8 12v-1.5h2a.5.5 0 0 0 .5-.5V8H12v2a2 2 0 0 1-2 2H8Zm2-12a2 2 0 0 1 2 2v2h-1.5V2a.5.5 0 0 0-.5-.5H8V0h2Z\" \/>\n\t\t\t<\/svg>\n\t\t<\/button><\/figure>\n\n\n\n<h2 class=\"wp-block-heading has-text-align-center\">Brosch\u00fcre<\/h2>\n\n\n<a href=\"https:\/\/www.pilse-suchen.de\/wp-content\/uploads\/2024\/02\/broschuere2007-min.pdf\" class=\"pdfemb-viewer\" style=\"width:500px;\" data-width=\"500\" data-height=\"max\" data-toolbar=\"bottom\" data-toolbar-fixed=\"off\">broschuere2007-min<\/a>\n<p class=\"wp-block-pdfemb-pdf-embedder-viewer\"><\/p>\n\n\n\n<h2 class=\"wp-block-heading has-text-align-center\">Gru\u00dfwort<\/h2>\n\n\n<a href=\"https:\/\/www.pilse-suchen.de\/wp-content\/uploads\/2024\/02\/grusswort-3.pdf\" class=\"pdfemb-viewer\" style=\"width:500px;\" data-width=\"500\" data-height=\"max\" data-toolbar=\"bottom\" data-toolbar-fixed=\"off\">grusswort-3<\/a>\n<p class=\"wp-block-pdfemb-pdf-embedder-viewer\"><\/p>\n\n\n\n<h2 class=\"wp-block-heading has-text-align-center\">Einladung<\/h2>\n\n\n<a href=\"https:\/\/www.pilse-suchen.de\/wp-content\/uploads\/2024\/02\/einladung2007.pdf\" class=\"pdfemb-viewer\" style=\"width:500px;\" data-width=\"500\" data-height=\"max\" data-toolbar=\"bottom\" data-toolbar-fixed=\"off\">einladung2007<\/a>\n<p class=\"wp-block-pdfemb-pdf-embedder-viewer\"><\/p>\n","protected":false},"excerpt":{"rendered":"<p>06.10.2007 Das Pilse Suchen 2007 war wieder einmal ein tolles Spektakel mit viel Sonne, frischer Luft und Gem\u00fctlichkeit &#8211; und nat\u00fcrlich Pilse im \u00dcberfluss. 50 Pilsesucherinnen und -sucher fanden sich an diesem traumhaften Herbsttag zum traditionellen Pilse Suchen ein. In traditioneller Weise brachte uns der von Klaus Reisen aus Mindelheim gesponsorte Pilsbus sicher in den [&hellip;]<\/p>\n","protected":false},"author":1,"featured_media":0,"parent":12,"menu_order":0,"comment_status":"closed","ping_status":"closed","template":"","meta":{"ngg_post_thumbnail":0,"footnotes":""},"class_list":["post-3455","page","type-page","status-publish","hentry"],"_links":{"self":[{"href":"https:\/\/www.pilse-suchen.de\/index.php?rest_route=\/wp\/v2\/pages\/3455","targetHints":{"allow":["GET"]}}],"collection":[{"href":"https:\/\/www.pilse-suchen.de\/index.php?rest_route=\/wp\/v2\/pages"}],"about":[{"href":"https:\/\/www.pilse-suchen.de\/index.php?rest_route=\/wp\/v2\/types\/page"}],"author":[{"embeddable":true,"href":"https:\/\/www.pilse-suchen.de\/index.php?rest_route=\/wp\/v2\/users\/1"}],"replies":[{"embeddable":true,"href":"https:\/\/www.pilse-suchen.de\/index.php?rest_route=%2Fwp%2Fv2%2Fcomments&post=3455"}],"version-history":[{"count":5,"href":"https:\/\/www.pilse-suchen.de\/index.php?rest_route=\/wp\/v2\/pages\/3455\/revisions"}],"predecessor-version":[{"id":3590,"href":"https:\/\/www.pilse-suchen.de\/index.php?rest_route=\/wp\/v2\/pages\/3455\/revisions\/3590"}],"up":[{"embeddable":true,"href":"https:\/\/www.pilse-suchen.de\/index.php?rest_route=\/wp\/v2\/pages\/12"}],"wp:attachment":[{"href":"https:\/\/www.pilse-suchen.de\/index.php?rest_route=%2Fwp%2Fv2%2Fmedia&parent=3455"}],"curies":[{"name":"wp","href":"https:\/\/api.w.org\/{rel}","templated":true}]}}