{"id":3459,"date":"2024-02-08T19:47:23","date_gmt":"2024-02-08T18:47:23","guid":{"rendered":"https:\/\/www.pilse-suchen.de\/?page_id=3459"},"modified":"2024-02-10T11:38:50","modified_gmt":"2024-02-10T10:38:50","slug":"pilse-suchen-2009","status":"publish","type":"page","link":"https:\/\/www.pilse-suchen.de\/?page_id=3459","title":{"rendered":"Pilse Suchen 2009"},"content":{"rendered":"\n<p>31.10.2009<\/p>\n\n\n\n<p>Die Tradition des Pilse Suchen scheint ungebrochen. Auch dieses Jahr fanden sich wieder \u00fcber 50 Pilsescherinnen und -sucher zum traditionellen Pilse Suchen in Kaufering ein &#8211; trotz frischen Temperaturen. Leider mussten wir auch dieses Jahr wieder einigen Interessenten absagen, aber um eine qualitativ hochwertige Veranstaltung zu garantieren, die nicht dem heute so allgegenw\u00e4rtigen Kommerz ausgeliefert wird, ist die Beschr\u00e4nkung der Teilnehmerzahl unumg\u00e4nglich. Zudem m\u00fcssen die filigranen Pilsbest\u00e4nde in den heimischen W\u00e4ldern vor der \u00dcbererntung bewahrt werden.<\/p>\n\n\n\n<p><img decoding=\"async\" class=\"floatleft\" style=\"width: 250px;\" src=\"https:\/\/www.pilse-suchen.de\/wp-content\/uploads\/2024\/02\/DSC_0300.jpg\" alt=\"\">Gewohnt gutgelaunt ging es in unserem klimatisierten Reisebus von Klaus Reisen aus Mindelheim zu den Pilsgr\u00fcnden im nahe gelegenen Pilswald. Trotz eisigen Temperaturen waren die Pilsfreunde gut gelaunt und in bester Suchstimmung. \u00dcberall bildeten sich kleine Gr\u00fcppchen in denen \u00fcber die tollsten Ausw\u00fcchse der Saison gefachsimpelt wurde. In der anschlie\u00dfenden Panoramafahrt ging es traditionell zum kleinen Umzug durch das Schloss Klatenberg mit Gruppenfoto im Schlosshof. SKH Prinz Luitpolt von Bayern, der uns schon seit Bestehen des Vereins allj\u00e4hrlich ein Gru\u00dfwort zukommen l\u00e4sst, hat uns aber auch diesmal leider wieder nicht die M\u00f6glichkeit gegeben, unsere Dankbarkeit pers\u00f6nlich zum Ausdruck zu bringen. Wahrscheinlich war er wieder einmal zu sehr mit der Pilskulturpflege besch\u00e4ftigt.<\/p>\n\n\n\n<p><img decoding=\"async\" class=\"floatright\" style=\"width: 250px;\" src=\"https:\/\/www.pilse-suchen.de\/wp-content\/uploads\/2024\/02\/DSC_0325.jpg\" alt=\"\">In der D\u00e4mmerung ging es bereits zur\u00fcck nach Kaufering, wo nach der einzigartigen Kreisel-Druckbetankung der Leberk\u00e4se schon auf die hungrige Meute wartete. Auch diese Jahr gab es wieder ein reichhaltiges Buffet mit feinsten bayerischen Delikatessen, das keine W\u00fcnsche \u00fcbrig und keine B\u00e4uche hungern lie\u00df.<\/p>\n\n\n\n<p><img decoding=\"async\" class=\"floatleft\" style=\"width: 250px;\" src=\"https:\/\/www.pilse-suchen.de\/wp-content\/uploads\/2024\/02\/DSC_0111.jpg\" alt=\"\">Als speziellen Abschluss des ereignisreichen Tages gab es diesmal energiegeladenes Karaoke, bei dem von traditionellem, deutschen Liedgut bis aktuellen gassenhauern alles geboten wurde. Daneben gab es auch wieder einmal die beliebte Wahl zum Pilsk\u00f6nigspaar. Zu sp\u00e4ter Stunde verlie\u00dfen die letzten Pilesucher ersch\u00f6pft die Festhalle mit dem festen Vorsatz, auch n\u00e4chstes Jahr wieder dabei zu sein.<\/p>\n\n\n\n<figure class=\"wp-block-image size-large\"><img loading=\"lazy\" decoding=\"async\" width=\"1024\" height=\"680\" src=\"https:\/\/www.pilse-suchen.de\/wp-content\/uploads\/2024\/02\/gruppe-8-1024x680.jpg\" alt=\"\" class=\"wp-image-3608\" srcset=\"https:\/\/www.pilse-suchen.de\/wp-content\/uploads\/2024\/02\/gruppe-8-1024x680.jpg 1024w, https:\/\/www.pilse-suchen.de\/wp-content\/uploads\/2024\/02\/gruppe-8-300x199.jpg 300w, https:\/\/www.pilse-suchen.de\/wp-content\/uploads\/2024\/02\/gruppe-8-768x510.jpg 768w, https:\/\/www.pilse-suchen.de\/wp-content\/uploads\/2024\/02\/gruppe-8-600x399.jpg 600w, https:\/\/www.pilse-suchen.de\/wp-content\/uploads\/2024\/02\/gruppe-8.jpg 1200w\" sizes=\"auto, (max-width: 1024px) 100vw, 1024px\" \/><\/figure>\n\n\n\n<div class=\"wp-block-buttons is-content-justification-center is-layout-flex wp-container-core-buttons-is-layout-a89b3969 wp-block-buttons-is-layout-flex\">\n<div class=\"wp-block-button\"><a class=\"wp-block-button__link wp-element-button\" href=\"https:\/\/www.pilse-suchen.de\/?page_id=3484\">Fotoalbum<\/a><\/div>\n<\/div>\n\n\n\n<h2 class=\"wp-block-heading has-text-align-center\">Pilsk\u00f6nigspaar<\/h2>\n\n\n\n<figure data-wp-context=\"{&quot;imageId&quot;:&quot;69ef6da4a08d0&quot;}\" data-wp-interactive=\"core\/image\" data-wp-key=\"69ef6da4a08d0\" class=\"wp-block-image aligncenter size-medium wp-lightbox-container\"><img loading=\"lazy\" decoding=\"async\" width=\"199\" height=\"300\" data-wp-class--hide=\"state.isContentHidden\" data-wp-class--show=\"state.isContentVisible\" data-wp-init=\"callbacks.setButtonStyles\" data-wp-on--click=\"actions.showLightbox\" data-wp-on--load=\"callbacks.setButtonStyles\" data-wp-on-window--resize=\"callbacks.setButtonStyles\" src=\"https:\/\/www.pilse-suchen.de\/wp-content\/uploads\/2024\/02\/koenigspaar2009-199x300.jpg\" alt=\"\" class=\"wp-image-3613\" srcset=\"https:\/\/www.pilse-suchen.de\/wp-content\/uploads\/2024\/02\/koenigspaar2009-199x300.jpg 199w, https:\/\/www.pilse-suchen.de\/wp-content\/uploads\/2024\/02\/koenigspaar2009.jpg 265w\" sizes=\"auto, (max-width: 199px) 100vw, 199px\" \/><button\n\t\t\tclass=\"lightbox-trigger\"\n\t\t\ttype=\"button\"\n\t\t\taria-haspopup=\"dialog\"\n\t\t\taria-label=\"Vergr\u00f6\u00dfern\"\n\t\t\tdata-wp-init=\"callbacks.initTriggerButton\"\n\t\t\tdata-wp-on--click=\"actions.showLightbox\"\n\t\t\tdata-wp-style--right=\"state.imageButtonRight\"\n\t\t\tdata-wp-style--top=\"state.imageButtonTop\"\n\t\t>\n\t\t\t<svg xmlns=\"http:\/\/www.w3.org\/2000\/svg\" width=\"12\" height=\"12\" fill=\"none\" viewBox=\"0 0 12 12\">\n\t\t\t\t<path fill=\"#fff\" d=\"M2 0a2 2 0 0 0-2 2v2h1.5V2a.5.5 0 0 1 .5-.5h2V0H2Zm2 10.5H2a.5.5 0 0 1-.5-.5V8H0v2a2 2 0 0 0 2 2h2v-1.5ZM8 12v-1.5h2a.5.5 0 0 0 .5-.5V8H12v2a2 2 0 0 1-2 2H8Zm2-12a2 2 0 0 1 2 2v2h-1.5V2a.5.5 0 0 0-.5-.5H8V0h2Z\" \/>\n\t\t\t<\/svg>\n\t\t<\/button><\/figure>\n\n\n\n<h2 class=\"wp-block-heading has-text-align-center\">Brosch\u00fcre<\/h2>\n\n\n<a href=\"https:\/\/www.pilse-suchen.de\/wp-content\/uploads\/2024\/02\/broschuere2009-min.pdf\" class=\"pdfemb-viewer\" style=\"width:500px;\" data-width=\"500\" data-height=\"max\" data-toolbar=\"bottom\" data-toolbar-fixed=\"off\">broschuere2009-min<\/a>\n<p class=\"wp-block-pdfemb-pdf-embedder-viewer\"><\/p>\n\n\n\n<h2 class=\"wp-block-heading has-text-align-center\">Gru\u00dfwort<\/h2>\n\n\n\n<figure class=\"wp-block-image aligncenter size-full\"><img loading=\"lazy\" decoding=\"async\" width=\"534\" height=\"751\" src=\"https:\/\/www.pilse-suchen.de\/wp-content\/uploads\/2024\/02\/grusswort-1.jpg\" alt=\"\" class=\"wp-image-3934\" srcset=\"https:\/\/www.pilse-suchen.de\/wp-content\/uploads\/2024\/02\/grusswort-1.jpg 534w, https:\/\/www.pilse-suchen.de\/wp-content\/uploads\/2024\/02\/grusswort-1-213x300.jpg 213w\" sizes=\"auto, (max-width: 534px) 100vw, 534px\" \/><\/figure>\n\n\n\n<h2 class=\"wp-block-heading has-text-align-center\">Einladung<\/h2>\n\n\n<a href=\"https:\/\/www.pilse-suchen.de\/wp-content\/uploads\/2024\/02\/einladung2009.pdf\" class=\"pdfemb-viewer\" style=\"width:500px;\" data-width=\"500\" data-height=\"max\" data-toolbar=\"bottom\" data-toolbar-fixed=\"off\">einladung2009<\/a>\n<p class=\"wp-block-pdfemb-pdf-embedder-viewer\"><\/p>\n","protected":false},"excerpt":{"rendered":"<p>31.10.2009 Die Tradition des Pilse Suchen scheint ungebrochen. Auch dieses Jahr fanden sich wieder \u00fcber 50 Pilsescherinnen und -sucher zum traditionellen Pilse Suchen in Kaufering ein &#8211; trotz frischen Temperaturen. Leider mussten wir auch dieses Jahr wieder einigen Interessenten absagen, aber um eine qualitativ hochwertige Veranstaltung zu garantieren, die nicht dem heute so allgegenw\u00e4rtigen Kommerz [&hellip;]<\/p>\n","protected":false},"author":1,"featured_media":0,"parent":12,"menu_order":0,"comment_status":"closed","ping_status":"closed","template":"","meta":{"ngg_post_thumbnail":0,"footnotes":""},"class_list":["post-3459","page","type-page","status-publish","hentry"],"_links":{"self":[{"href":"https:\/\/www.pilse-suchen.de\/index.php?rest_route=\/wp\/v2\/pages\/3459","targetHints":{"allow":["GET"]}}],"collection":[{"href":"https:\/\/www.pilse-suchen.de\/index.php?rest_route=\/wp\/v2\/pages"}],"about":[{"href":"https:\/\/www.pilse-suchen.de\/index.php?rest_route=\/wp\/v2\/types\/page"}],"author":[{"embeddable":true,"href":"https:\/\/www.pilse-suchen.de\/index.php?rest_route=\/wp\/v2\/users\/1"}],"replies":[{"embeddable":true,"href":"https:\/\/www.pilse-suchen.de\/index.php?rest_route=%2Fwp%2Fv2%2Fcomments&post=3459"}],"version-history":[{"count":6,"href":"https:\/\/www.pilse-suchen.de\/index.php?rest_route=\/wp\/v2\/pages\/3459\/revisions"}],"predecessor-version":[{"id":3935,"href":"https:\/\/www.pilse-suchen.de\/index.php?rest_route=\/wp\/v2\/pages\/3459\/revisions\/3935"}],"up":[{"embeddable":true,"href":"https:\/\/www.pilse-suchen.de\/index.php?rest_route=\/wp\/v2\/pages\/12"}],"wp:attachment":[{"href":"https:\/\/www.pilse-suchen.de\/index.php?rest_route=%2Fwp%2Fv2%2Fmedia&parent=3459"}],"curies":[{"name":"wp","href":"https:\/\/api.w.org\/{rel}","templated":true}]}}