{"id":3461,"date":"2024-02-08T19:47:39","date_gmt":"2024-02-08T18:47:39","guid":{"rendered":"https:\/\/www.pilse-suchen.de\/?page_id=3461"},"modified":"2024-02-10T11:48:46","modified_gmt":"2024-02-10T10:48:46","slug":"pilse-suchen-2010","status":"publish","type":"page","link":"https:\/\/www.pilse-suchen.de\/?page_id=3461","title":{"rendered":"Pilse Suchen 2010"},"content":{"rendered":"\n<p>30.10.2010<\/p>\n\n\n\n<p>Bei nicht ganz so sonnigen Bedingungen fand sich auch dieses Jahr wieder die \u00fcbliche Zahl von Pilsesucherinnen und Pilsesuchern zum allj\u00e4hrlichen, traditionellen Pilse Suchen ein. Wie gewohnt ging es vom Sportzentrum in Kaufering im Shuttle Bus von Klaus Reisen aus Mindelheim in den idyllischen Pilswald, der in diesem Jahr mit einer variantenreichen Palette besonderer Schmankerl auf die Pilsfreunde aufwartete.<img decoding=\"async\" class=\"floatright\" style=\"width: 200px;\" src=\"https:\/\/www.pilse-suchen.de\/wp-content\/uploads\/2024\/02\/2010-10-30_153122_2914.jpg\" alt=\"\"><\/p>\n\n\n\n<p>Besonderes Interesse erzeugte die neue Population von Tegernseer Pilsen, die sich in den letzten Jahren auch in den Pilsgefilden des PSV ansiedelten. Auch war die Freue \u00fcber die verbleibende Population von Kaltenberger Pilsen, die ersten Ermittlungen des PSV-Vorstands zufolge aus dem s\u00fcdosteurop\u00e4ischen Ausland eingebracht sein musste, ungebrochen.<\/p>\n\n\n\n<p>Nach \u00fcber 90 Minuten ausgelassenen Pilsesammelns und -verk\u00f6stigens ging es dann bei der traditionellen Panoramafahrt zum Schloss unseres Schirmherrns Prinz Luitpolt von Bayern, nach Kaltenberg. Zum Gedenken an dessen Mutter, Prinzessin Irmingard von Bayern, die am 23.10.2010 verstarb, zogen die Pilsesucher in einem kurzen Trauermarsch vor die Tore des Schlosses, wo sie in stillem Gedenken ihre Anteilnahme zum Ausdruck brachten.<\/p>\n\n\n\n<p><img decoding=\"async\" class=\"floatleft\" style=\"width: 250px;\" src=\"https:\/\/www.pilse-suchen.de\/wp-content\/uploads\/2024\/02\/2010-10-30_173125_3039.jpg\" alt=\"\">Die Heimfahrt f\u00fchrte die Pilsfreunde durch den neuen Druckbetankungskreisel, der dem PSV im Rahmen der Umbauten der neuen Realschule vom Markt Kaufering direkt vor der Pilshalle zur Verf\u00fcgung gestellt wurde. Der f\u00fcr den PSV-Shuttle optimierte Kreisverkehr hat einen geringeren Durchmesser, als das \u00e4ltere Pendant am Anfang der Kolpingstrasse, wodurch eine h\u00f6here Zentrifugalkraft zu einem intensiveren Verk\u00f6stigungsgef\u00fchl verhilft. Danach ging es in die Pilshalle, wo beim ausgelassenen Pilsfest bis sp\u00e4t in die Nacht Erfahrungen und Testberichte ausgetauscht, sowie neue Freundschaften gekn\u00fcpft wurden.<\/p>\n\n\n\n<p>Dieses Jahr beehrte uns auch das Landsberger Tagblatt. Die Fotogalerie ist \u00fcber den Link rechts erreichbar. Viel Spa\u00df beim Durchst\u00f6bern.<\/p>\n\n\n\n<p>Erstmals fand dieses Jahr eine elektronische Anmeldung statt, die erfolgreich die heiss begehrten 50 Teilnehmerpl\u00e4tze verwaltete. Bereits nach einer Woche waren fast alle Pl\u00e4tze vergeben, so dass es wohl auch im n\u00e4chsten Jahr zu einem starken Andrang kommen wird. Als registriertes Mitglied erh\u00e4ltst Du aktuelle Nachrichten und Termine, sobald diese vom Vorstand festgelegt wurden.<\/p>\n\n\n\n<p>Desweiteren kannst Du uns auch auf Facebook besuchen, um auch dort auf dem Laufenden zu bleiben. <a href=\"http:\/\/www.facebook.com\/pages\/Pilse-Suchen\/106858406013977\" target=\"_blank\" rel=\"noreferrer noopener\">Zur PSV-Facebook-Seite<\/a><\/p>\n\n\n\n<figure class=\"wp-block-image size-full\"><img loading=\"lazy\" decoding=\"async\" width=\"903\" height=\"600\" src=\"https:\/\/www.pilse-suchen.de\/wp-content\/uploads\/2024\/02\/gruppe-9.jpg\" alt=\"\" class=\"wp-image-3926\" srcset=\"https:\/\/www.pilse-suchen.de\/wp-content\/uploads\/2024\/02\/gruppe-9.jpg 903w, https:\/\/www.pilse-suchen.de\/wp-content\/uploads\/2024\/02\/gruppe-9-300x199.jpg 300w, https:\/\/www.pilse-suchen.de\/wp-content\/uploads\/2024\/02\/gruppe-9-768x510.jpg 768w, https:\/\/www.pilse-suchen.de\/wp-content\/uploads\/2024\/02\/gruppe-9-600x399.jpg 600w\" sizes=\"auto, (max-width: 903px) 100vw, 903px\" \/><\/figure>\n\n\n\n<div class=\"wp-block-buttons is-content-justification-center is-layout-flex wp-container-core-buttons-is-layout-a89b3969 wp-block-buttons-is-layout-flex\">\n<div class=\"wp-block-button\"><a class=\"wp-block-button__link wp-element-button\" href=\"https:\/\/www.pilse-suchen.de\/?page_id=3486\">Fotoalbum<\/a><\/div>\n<\/div>\n\n\n\n<h2 class=\"wp-block-heading has-text-align-center\">Brosch\u00fcre (A5 Druckvorlage)<\/h2>\n\n\n<a href=\"https:\/\/www.pilse-suchen.de\/wp-content\/uploads\/2024\/02\/broschuere2010.pdf\" class=\"pdfemb-viewer\" style=\"width:500px;\" data-width=\"500\" data-height=\"max\" data-toolbar=\"bottom\" data-toolbar-fixed=\"off\">broschuere2010<\/a>\n<p class=\"wp-block-pdfemb-pdf-embedder-viewer\"><\/p>\n\n\n\n<h2 class=\"wp-block-heading has-text-align-center\">Gru\u00dfwort<\/h2>\n\n\n\n<figure class=\"wp-block-image aligncenter size-full\"><img loading=\"lazy\" decoding=\"async\" width=\"502\" height=\"681\" src=\"https:\/\/www.pilse-suchen.de\/wp-content\/uploads\/2024\/02\/grusswort.jpg\" alt=\"\" class=\"wp-image-3932\" srcset=\"https:\/\/www.pilse-suchen.de\/wp-content\/uploads\/2024\/02\/grusswort.jpg 502w, https:\/\/www.pilse-suchen.de\/wp-content\/uploads\/2024\/02\/grusswort-221x300.jpg 221w\" sizes=\"auto, (max-width: 502px) 100vw, 502px\" \/><\/figure>\n\n\n\n<h2 class=\"wp-block-heading has-text-align-center\">Artikel Landsberger Tagblatt<\/h2>\n\n\n<a href=\"https:\/\/www.pilse-suchen.de\/wp-content\/uploads\/2024\/02\/2010-11-06_LT.pdf\" class=\"pdfemb-viewer\" style=\"width:500px;\" data-width=\"500\" data-height=\"max\" data-toolbar=\"bottom\" data-toolbar-fixed=\"off\">2010-11-06_LT<\/a>\n<p class=\"wp-block-pdfemb-pdf-embedder-viewer\"><\/p>\n","protected":false},"excerpt":{"rendered":"<p>30.10.2010 Bei nicht ganz so sonnigen Bedingungen fand sich auch dieses Jahr wieder die \u00fcbliche Zahl von Pilsesucherinnen und Pilsesuchern zum allj\u00e4hrlichen, traditionellen Pilse Suchen ein. Wie gewohnt ging es vom Sportzentrum in Kaufering im Shuttle Bus von Klaus Reisen aus Mindelheim in den idyllischen Pilswald, der in diesem Jahr mit einer variantenreichen Palette besonderer [&hellip;]<\/p>\n","protected":false},"author":1,"featured_media":0,"parent":12,"menu_order":0,"comment_status":"closed","ping_status":"closed","template":"","meta":{"ngg_post_thumbnail":0,"footnotes":""},"class_list":["post-3461","page","type-page","status-publish","hentry"],"_links":{"self":[{"href":"https:\/\/www.pilse-suchen.de\/index.php?rest_route=\/wp\/v2\/pages\/3461","targetHints":{"allow":["GET"]}}],"collection":[{"href":"https:\/\/www.pilse-suchen.de\/index.php?rest_route=\/wp\/v2\/pages"}],"about":[{"href":"https:\/\/www.pilse-suchen.de\/index.php?rest_route=\/wp\/v2\/types\/page"}],"author":[{"embeddable":true,"href":"https:\/\/www.pilse-suchen.de\/index.php?rest_route=\/wp\/v2\/users\/1"}],"replies":[{"embeddable":true,"href":"https:\/\/www.pilse-suchen.de\/index.php?rest_route=%2Fwp%2Fv2%2Fcomments&post=3461"}],"version-history":[{"count":6,"href":"https:\/\/www.pilse-suchen.de\/index.php?rest_route=\/wp\/v2\/pages\/3461\/revisions"}],"predecessor-version":[{"id":4171,"href":"https:\/\/www.pilse-suchen.de\/index.php?rest_route=\/wp\/v2\/pages\/3461\/revisions\/4171"}],"up":[{"embeddable":true,"href":"https:\/\/www.pilse-suchen.de\/index.php?rest_route=\/wp\/v2\/pages\/12"}],"wp:attachment":[{"href":"https:\/\/www.pilse-suchen.de\/index.php?rest_route=%2Fwp%2Fv2%2Fmedia&parent=3461"}],"curies":[{"name":"wp","href":"https:\/\/api.w.org\/{rel}","templated":true}]}}