{"id":3463,"date":"2024-02-08T19:47:56","date_gmt":"2024-02-08T18:47:56","guid":{"rendered":"https:\/\/www.pilse-suchen.de\/?page_id=3463"},"modified":"2024-02-10T11:55:22","modified_gmt":"2024-02-10T10:55:22","slug":"pilse-suchen-2011","status":"publish","type":"page","link":"https:\/\/www.pilse-suchen.de\/?page_id=3463","title":{"rendered":"Pilse Suchen 2011"},"content":{"rendered":"\n<p>17.09.2011<\/p>\n\n\n\n<h3 class=\"wp-block-heading\">Wo Pilse in den B\u00e4umen reifen<\/h3>\n\n\n\n<p><em>Aus dem Kreisboten vom 14.10.2011<\/em><\/p>\n\n\n\n<p>Es ist inzwischen eine gute Tradition, dass sich im Herbst 50 M\u00e4nner und Frauen . selbstverst\u00e4ndlich in Lederhose oder Dirndl . mit K\u00f6rben bewaffnet in einen Wald in der Umgebung aufmachen, um nach Pilsen zu suchen. Seit 1996 veranstaltet der .Pilse-Such-Verein. (PSV) aus Kaufering bereits die j\u00e4hrliche Fahrt und so verf\u00fcgen die Verantwortlichen l\u00e4ngst \u00fcber jede Menge Kompetenz und stehen Neulingen schon nach der gemeinsamen Anfahrt mit dem Bus mit Volksmusik, Rat und Tat zur Seite. Vor h\u00e4ufig gemachten Anf\u00e4ngerfehlern warnte Christian Liedtke (.Beauftragter f\u00fcr spezielle Pilsverk\u00f6stigung.): Ohne Pilskappenmesser (anderswo auch Flaschen\u00f6ffner genannt) in den Wald zu gehen etwa, Pilskappen liegen zu lassen (.darin ist das Samengut enthalten.) oder auch Giftpilse zu verzehren, die leider ebenfalls zahlreich vorkommen.<\/p>\n\n\n\n<p>Damit derlei nicht passiert und sich alle gut zurechtfinden, war vom PSV bestens vorgesorgt: Auch diesmal erhielt jeder Teilnehmer eine gar nicht so kleine Fibel zum .Pilse suchen 2011., in der ein Gru\u00dfwort von Luitpold von Bayern (&#8222;Das feuchte Klima dieses Sommers f\u00fchrte zu erheblichem Bestandsaufbau in den Kellern der Pilsezuchtanstalten.&#8220;), wichtige Verhaltensregeln (&#8222;Keinen M\u00fcll wegwerfen. Keine Pilze pfl\u00fccken. Nicht im Wald liegen bleiben.&#8220;), die Kleiderordnung und vor allem ein Pils-Bestimmungs-Buch enthalten waren. Der Sucher konnte so auch heuer wieder alles Wichtige \u00fcber seinen Fund an einheimischen oder exotischen Pilsen erfahren, bevor er sich an den Verzehr wagte. Der Hut (etwa &#8222;Standardlamellenkappe ohne \u00dcberwuchs&#8220;) war ebenso zu beachten wie Stiel und &#8222;Pl\u00f6ppverhalten&#8220;, Schaumbildung und nat\u00fcrlich Geschmack. Dieser reichte je nach Pilsart von &#8222;sympathisch&#8220; \u00fcber &#8222;schwacher Vor- und Nachgeschmack&#8220; bis zu &#8222;verschreibungspflichtig&#8220;.<\/p>\n\n\n\n<p>Scheinbar nicht auszurotten sind in den heimischen W\u00e4ldern die umfangreichen Giftpils-Populationen. In zahlreichen K\u00f6rben lagen gegen Ende der Suche gleich mehrere Flaschen der nicht zum Verzehr geeigneten Arten, die meistens durch einen transparenten Stiel auffallen oder vorwiegend in knalligen Gelb- und Oranget\u00f6nen schimmern. Zu Zwischenf\u00e4llen kam es aber nicht, da die Teilnehmer von ihren &#8222;Pils-Guides&#8220; bestens vorbereitet worden waren und die Giftpilse bei ihnen ablieferten; die Veranstalter k\u00fcmmerten sich sp\u00e4ter um eine fachgerechte Entsorgung. Nach gut zwei Stunden im Wald machte sich bei Einigen ein wenig Ersch\u00f6pfung breit &#8211; beendet war der Pilse-Such-Tag damit aber noch lange nicht.<\/p>\n\n\n\n<p>Was bei der anschlie\u00dfenden &#8222;Panorama-Busfahrt&#8220; in den zahlreichen Kreisverkehren ge\u00fcbt wurde, soll zwar unter dem Mantel der Pilse-Sucher-Verschwiegenheit bleiben, doch nach einer h\u00f6chst interessanten Reiseroute wartete auf Veranstalter wie Teilnehmer ein sch\u00f6ner Abschluss: Bei Gstanzln vom &#8222;Stoandl&#8220; und einer mehr als reichhaltigen Brotzeit wurden &#8211; dem Anlass angemessen &#8211; noch etliche Pilse verzehrt, wobei dann aber deutlich wurde, dass auch bei den besten Speisepilsen nach \u00fcberm\u00e4\u00dfigem Genuss Unvertr\u00e4glichkeitsreaktionen auftreten k\u00f6nnen.<\/p>\n\n\n\n<p>Wer Interesse an dieser bayerisch-traditionellen Veranstaltung hat, kann sich im Jahr 2012 wieder (ausschlie\u00dflich) unter www.pilse-suchen.de anmelden. Lange \u00fcberlegen gilt da nicht: Wenn der Bus voll ist, ist er voll. &#8222;Wir wollen den Wald und die Pilsbest\u00e4nde nicht \u00fcberlasten, deswegen fahren wir nie mit mehr als 50 Leuten&#8220;, sagt Alexander Popfinger, der festgestellt hat: &#8222;Interessanterweise ist es jedes Jahr ein Drittel Stamm-Sucher, ein Drittel, die immer wieder mal kommen und ein Drittel Neulinge, die sich f\u00fcr Tradition und Erhalt der heimischen Best\u00e4nde und Arten interessieren&#8220;.<\/p>\n\n\n\n<figure class=\"wp-block-image size-full\"><img loading=\"lazy\" decoding=\"async\" width=\"1024\" height=\"680\" src=\"https:\/\/www.pilse-suchen.de\/wp-content\/uploads\/2024\/02\/gruppe-10.jpg\" alt=\"\" class=\"wp-image-4173\" srcset=\"https:\/\/www.pilse-suchen.de\/wp-content\/uploads\/2024\/02\/gruppe-10.jpg 1024w, https:\/\/www.pilse-suchen.de\/wp-content\/uploads\/2024\/02\/gruppe-10-300x199.jpg 300w, https:\/\/www.pilse-suchen.de\/wp-content\/uploads\/2024\/02\/gruppe-10-768x510.jpg 768w, https:\/\/www.pilse-suchen.de\/wp-content\/uploads\/2024\/02\/gruppe-10-600x398.jpg 600w\" sizes=\"auto, (max-width: 1024px) 100vw, 1024px\" \/><\/figure>\n\n\n\n<div class=\"wp-block-buttons is-content-justification-center is-layout-flex wp-container-core-buttons-is-layout-a89b3969 wp-block-buttons-is-layout-flex\">\n<div class=\"wp-block-button\"><a class=\"wp-block-button__link wp-element-button\" href=\"https:\/\/www.pilse-suchen.de\/?page_id=3488\">Fotoalbum<\/a><\/div>\n<\/div>\n\n\n\n<h2 class=\"wp-block-heading has-text-align-center\">Brosch\u00fcre<\/h2>\n\n\n<a href=\"https:\/\/www.pilse-suchen.de\/wp-content\/uploads\/2024\/02\/broschuere2011-min.pdf\" class=\"pdfemb-viewer\" style=\"width:500px;\" data-width=\"500\" data-height=\"max\" data-toolbar=\"bottom\" data-toolbar-fixed=\"off\">broschuere2011-min<\/a>\n<p class=\"wp-block-pdfemb-pdf-embedder-viewer\"><\/p>\n\n\n\n<h2 class=\"wp-block-heading has-text-align-center\">Gru\u00dfwort<\/h2>\n\n\n<a href=\"https:\/\/www.pilse-suchen.de\/wp-content\/uploads\/2024\/02\/grusswort-7.pdf\" class=\"pdfemb-viewer\" style=\"width:500px;\" data-width=\"500\" data-height=\"max\" data-toolbar=\"bottom\" data-toolbar-fixed=\"off\">grusswort-7<\/a>\n<p class=\"wp-block-pdfemb-pdf-embedder-viewer\"><\/p>\n\n\n\n<h2 class=\"wp-block-heading has-text-align-center\">Kreisbote<\/h2>\n\n\n<a href=\"https:\/\/www.pilse-suchen.de\/wp-content\/uploads\/2024\/02\/kreisbote.pdf\" class=\"pdfemb-viewer\" style=\"width:500px;\" data-width=\"500\" data-height=\"max\" data-toolbar=\"bottom\" data-toolbar-fixed=\"off\">kreisbote<\/a>\n<p class=\"wp-block-pdfemb-pdf-embedder-viewer\"><\/p>\n","protected":false},"excerpt":{"rendered":"<p>17.09.2011 Wo Pilse in den B\u00e4umen reifen Aus dem Kreisboten vom 14.10.2011 Es ist inzwischen eine gute Tradition, dass sich im Herbst 50 M\u00e4nner und Frauen . selbstverst\u00e4ndlich in Lederhose oder Dirndl . mit K\u00f6rben bewaffnet in einen Wald in der Umgebung aufmachen, um nach Pilsen zu suchen. Seit 1996 veranstaltet der .Pilse-Such-Verein. (PSV) aus [&hellip;]<\/p>\n","protected":false},"author":1,"featured_media":0,"parent":12,"menu_order":0,"comment_status":"closed","ping_status":"closed","template":"","meta":{"ngg_post_thumbnail":0,"footnotes":""},"class_list":["post-3463","page","type-page","status-publish","hentry"],"_links":{"self":[{"href":"https:\/\/www.pilse-suchen.de\/index.php?rest_route=\/wp\/v2\/pages\/3463","targetHints":{"allow":["GET"]}}],"collection":[{"href":"https:\/\/www.pilse-suchen.de\/index.php?rest_route=\/wp\/v2\/pages"}],"about":[{"href":"https:\/\/www.pilse-suchen.de\/index.php?rest_route=\/wp\/v2\/types\/page"}],"author":[{"embeddable":true,"href":"https:\/\/www.pilse-suchen.de\/index.php?rest_route=\/wp\/v2\/users\/1"}],"replies":[{"embeddable":true,"href":"https:\/\/www.pilse-suchen.de\/index.php?rest_route=%2Fwp%2Fv2%2Fcomments&post=3463"}],"version-history":[{"count":5,"href":"https:\/\/www.pilse-suchen.de\/index.php?rest_route=\/wp\/v2\/pages\/3463\/revisions"}],"predecessor-version":[{"id":4180,"href":"https:\/\/www.pilse-suchen.de\/index.php?rest_route=\/wp\/v2\/pages\/3463\/revisions\/4180"}],"up":[{"embeddable":true,"href":"https:\/\/www.pilse-suchen.de\/index.php?rest_route=\/wp\/v2\/pages\/12"}],"wp:attachment":[{"href":"https:\/\/www.pilse-suchen.de\/index.php?rest_route=%2Fwp%2Fv2%2Fmedia&parent=3463"}],"curies":[{"name":"wp","href":"https:\/\/api.w.org\/{rel}","templated":true}]}}