{"id":3467,"date":"2024-02-08T19:48:30","date_gmt":"2024-02-08T18:48:30","guid":{"rendered":"https:\/\/www.pilse-suchen.de\/?page_id=3467"},"modified":"2024-02-10T12:12:16","modified_gmt":"2024-02-10T11:12:16","slug":"pilse-suchen-2013","status":"publish","type":"page","link":"https:\/\/www.pilse-suchen.de\/?page_id=3467","title":{"rendered":"Pilse Suchen 2013"},"content":{"rendered":"\n<p>05.10.2013<\/p>\n\n\n\n<p>Trotz nassen Wetters trafen sich auch dieses Jahr wieder tapfere Pilsesucherinnen und -sucher zum traditionellen Pilse Suchen in Kaufering. Nachdem der Ansturm auf die raren Pl\u00e4tze weiterhin ungebrochen ist, musste diese Jahr sogar der Maxi-Max-Bus von Klaus Reisen aus Mindelheim engagiert werden. Fast 60 Personen (inklusive PSV-Guides) f\u00fcllten den Reisebus bis zum Rand. Leider gab es diese Jahr zum ersten Mal in der langen Geschichte des Pilse-Such-Vereins kein Gru\u00dfwort Seiner K\u00f6niglichen Hoheit Prinz Luitpolt von Bayern. Wir hoffen, dass es keine gesundheitlichen Gr\u00fcnde hat und werden der Sache nachgehen.<\/p>\n\n\n\n<figure class=\"wp-block-image\"><img decoding=\"async\" src=\"https:\/\/www.pilse-suchen.de\/fotoalbum\/index.php?cmd=image&amp;sfpg=MjAxMy8qRFNDXzMyODguanBnKjk3NTQ4OGQ1ZjNmNTBjOTIzMDE4MWEyOTIxNmE4ZWFl\" alt=\"\" style=\"object-fit:cover\"\/><\/figure>\n\n\n\n<p>Im Pilsewald wurde nach dem \u00fcblichen &#8218;Run&#8216; auf die begehrten K\u00f6stlichkeiten wieder ausgiebig gefachsimpelt und roh verk\u00f6stigt. Wieder einmal war der Anteil der Neuzug\u00e4nge beeindruckend, jedoch hatten alleziemlich schnell den Blick f\u00fcr Schmackhaftes und Giftiges raus, auch wenn so manch einer leider bei der Suche selbst mit weniger gut gef\u00fclltem K\u00f6rbchen da stand.<\/p>\n\n\n\n<figure class=\"wp-block-image\"><img decoding=\"async\" src=\"https:\/\/www.pilse-suchen.de\/fotoalbum\/index.php?cmd=image&amp;sfpg=MjAxMy8qRFNDXzM0MjQuanBnKjVjMjM5MDhmZWUxY2IwNjYzYjg5NGFjODkzODBiYjFi\" alt=\"\"\/><\/figure>\n\n\n\n<p>Ziemlich durchn\u00e4sst musstem die PSV&#8217;ler auf der Panoramafahrt zum Schloss Kaltenberg erst einmal die Knochen w\u00e4rmen. Nach dem traditionellen Gruppenbild vor Schloss Kaltenberg ging es dann durch unsere wundersch\u00f6nen Landschaften am Lech zur\u00fcck zur Pilshalle, wo eine st\u00e4rkende Brotzeit auf die hungrige Meute wartete. In geselliger Runde mit Gstanzl und Oktoberfestmusi wurde dann noch die reichhaltige Pils-Ernte bis sp\u00e4t in die Nacht gefeiert.<\/p>\n\n\n\n<p>Wir meinen: Schee war&#8217;s &#8211; Wie jed&#8217;s Joar!<\/p>\n\n\n\n<figure class=\"wp-block-image size-full\"><img loading=\"lazy\" decoding=\"async\" width=\"800\" height=\"529\" src=\"https:\/\/www.pilse-suchen.de\/wp-content\/uploads\/2024\/02\/gruppe-12.jpg\" alt=\"\" class=\"wp-image-4572\" srcset=\"https:\/\/www.pilse-suchen.de\/wp-content\/uploads\/2024\/02\/gruppe-12.jpg 800w, https:\/\/www.pilse-suchen.de\/wp-content\/uploads\/2024\/02\/gruppe-12-300x198.jpg 300w, https:\/\/www.pilse-suchen.de\/wp-content\/uploads\/2024\/02\/gruppe-12-768x508.jpg 768w, https:\/\/www.pilse-suchen.de\/wp-content\/uploads\/2024\/02\/gruppe-12-600x397.jpg 600w\" sizes=\"auto, (max-width: 800px) 100vw, 800px\" \/><\/figure>\n\n\n\n<div class=\"wp-block-buttons is-content-justification-center is-layout-flex wp-container-core-buttons-is-layout-a89b3969 wp-block-buttons-is-layout-flex\">\n<div class=\"wp-block-button\"><a class=\"wp-block-button__link wp-element-button\" href=\"https:\/\/www.pilse-suchen.de\/?page_id=3493\">Fotoalbum<\/a><\/div>\n<\/div>\n\n\n\n<h2 class=\"wp-block-heading has-text-align-center\">Brosch\u00fcre<\/h2>\n\n\n<a href=\"https:\/\/www.pilse-suchen.de\/wp-content\/uploads\/2024\/02\/broschuere2013-min.pdf\" class=\"pdfemb-viewer\" style=\"width:500px;\" data-width=\"500\" data-height=\"max\" data-toolbar=\"bottom\" data-toolbar-fixed=\"off\">broschuere2013-min<\/a>\n<p class=\"wp-block-pdfemb-pdf-embedder-viewer\"><\/p>\n\n\n\n<h2 class=\"wp-block-heading has-text-align-center\">Gru\u00dfwort<\/h2>\n\n\n<a href=\"https:\/\/www.pilse-suchen.de\/wp-content\/uploads\/2024\/02\/grusswort2013.pdf\" class=\"pdfemb-viewer\" style=\"width:500px;\" data-width=\"500\" data-height=\"max\" data-toolbar=\"bottom\" data-toolbar-fixed=\"off\">grusswort2013<\/a>\n<p class=\"wp-block-pdfemb-pdf-embedder-viewer\"><\/p>\n","protected":false},"excerpt":{"rendered":"<p>05.10.2013 Trotz nassen Wetters trafen sich auch dieses Jahr wieder tapfere Pilsesucherinnen und -sucher zum traditionellen Pilse Suchen in Kaufering. Nachdem der Ansturm auf die raren Pl\u00e4tze weiterhin ungebrochen ist, musste diese Jahr sogar der Maxi-Max-Bus von Klaus Reisen aus Mindelheim engagiert werden. Fast 60 Personen (inklusive PSV-Guides) f\u00fcllten den Reisebus bis zum Rand. Leider [&hellip;]<\/p>\n","protected":false},"author":1,"featured_media":0,"parent":12,"menu_order":0,"comment_status":"closed","ping_status":"closed","template":"","meta":{"ngg_post_thumbnail":0,"footnotes":""},"class_list":["post-3467","page","type-page","status-publish","hentry"],"_links":{"self":[{"href":"https:\/\/www.pilse-suchen.de\/index.php?rest_route=\/wp\/v2\/pages\/3467","targetHints":{"allow":["GET"]}}],"collection":[{"href":"https:\/\/www.pilse-suchen.de\/index.php?rest_route=\/wp\/v2\/pages"}],"about":[{"href":"https:\/\/www.pilse-suchen.de\/index.php?rest_route=\/wp\/v2\/types\/page"}],"author":[{"embeddable":true,"href":"https:\/\/www.pilse-suchen.de\/index.php?rest_route=\/wp\/v2\/users\/1"}],"replies":[{"embeddable":true,"href":"https:\/\/www.pilse-suchen.de\/index.php?rest_route=%2Fwp%2Fv2%2Fcomments&post=3467"}],"version-history":[{"count":4,"href":"https:\/\/www.pilse-suchen.de\/index.php?rest_route=\/wp\/v2\/pages\/3467\/revisions"}],"predecessor-version":[{"id":4574,"href":"https:\/\/www.pilse-suchen.de\/index.php?rest_route=\/wp\/v2\/pages\/3467\/revisions\/4574"}],"up":[{"embeddable":true,"href":"https:\/\/www.pilse-suchen.de\/index.php?rest_route=\/wp\/v2\/pages\/12"}],"wp:attachment":[{"href":"https:\/\/www.pilse-suchen.de\/index.php?rest_route=%2Fwp%2Fv2%2Fmedia&parent=3467"}],"curies":[{"name":"wp","href":"https:\/\/api.w.org\/{rel}","templated":true}]}}