{"id":3469,"date":"2024-02-08T19:48:46","date_gmt":"2024-02-08T18:48:46","guid":{"rendered":"https:\/\/www.pilse-suchen.de\/?page_id=3469"},"modified":"2024-02-10T12:20:36","modified_gmt":"2024-02-10T11:20:36","slug":"pilse-suchen-2014","status":"publish","type":"page","link":"https:\/\/www.pilse-suchen.de\/?page_id=3469","title":{"rendered":"Pilse Suchen 2014"},"content":{"rendered":"\n<p>03.10.2014<\/p>\n\n\n\n<p>Und wieder einmal war es bestes K\u00f6nigswetter, als sich knapp \u00fcber 50 Pilsesucherinnen und Pilsesucher zum allj\u00e4hrlichen, traditionellen Pilse Suchen in Kaufering einfanden. Die Online-Anmeldung hat wieder einwandfrei geklappt und nach 4 Minuten 30 war die Veranstaltung ausgebucht!<\/p>\n\n\n\n<p>Diesmal musste der Bus an ungewohnter Stelle die Teilnehmer abholen, da der Parkplatz des Sportzentrums Kaufering um 14 Uhr \u00fcberf\u00fcllt war mit St\u00e4nden des Nachtflohmarktes und so pilgerten die PSVler r\u00fcber zum Busbahnhof der \u00f6rtlichen Realschule.<\/p>\n\n\n\n<p><img decoding=\"async\" class=\"floatright\" style=\"width: 200px;\" src=\"https:\/\/www.pilse-suchen.de\/wp-content\/uploads\/2024\/02\/DSC_8692.jpg\" alt=\"\"> Die Fahrt ging wie immer in die reichhaltigen Pilsgr\u00fcnde vor den Toren Kauferings, wo schon seit 1996 die Pilse vom PSV Verein gez\u00fcchtet und kultiviert werden. In diesem Jahr verzeichneten die PSV Guides eine regelrechte Pilsflut, insbesondere von Wildpilsen, die eine Registrierung nach der Suche nahezu unm\u00f6glich machten. Bei sch\u00f6nstem Wetter wurde im Wald wieder viel gefachsimpelt und verk\u00f6stigt und so verging die Zeit wie im Flug.<\/p>\n\n\n\n<p>Bei der anschliessenden Panoramafahrt wurde wieder das Schloss Kaltenberg besucht, um unserem K\u00f6nig aufzuwarten (der uns in diesem Jahr wieder ein hervorragendes Gru\u00dfwort f\u00fcr unsere Pilsbrosch\u00fcre geschrieben hat!) und das allj\u00e4hrliche Gruppenfoto vor den Toren des Schlosses zu knipsen. Doch die M\u00e4gen knurrten und so sauste unser Bus durch die Trinkkreisel zur\u00fcck zum Pilsfest mit Brotzeit und Leberk\u00e4se.<\/p>\n\n\n\n<p><img decoding=\"async\" class=\"floatleft\" style=\"width: 250px;\" src=\"https:\/\/www.pilse-suchen.de\/wp-content\/uploads\/2024\/02\/DSC_8921.jpg\" alt=\"\"> Doch was nach dem Essen passierte, hatten wir in der ganzen PSV Geschichte noch nie: Es entbrannte eine Oktoberfeststimmung mit Trank und Gesang bei dem die PSVler auf den B\u00e4nken und Tischen standen. Eine tolle Stimmung, die bis zum bitteren Ende gegen 22 Uhr anhielt, bis dann die letzten G\u00e4ste mit den Gro\u00dfraumtaxen nach Hause bef\u00f6rdert wurden.<\/p>\n\n\n\n<p>Vielen Dank an alle, die so eine tolle Stimmung gemacht haben!!! Wir freuen uns schon auf n\u00e4chstes Jahr<\/p>\n\n\n\n<p>Euer PSV-Vorstand<\/p>\n\n\n\n<figure class=\"wp-block-image size-full\"><img loading=\"lazy\" decoding=\"async\" width=\"2048\" height=\"1356\" src=\"https:\/\/www.pilse-suchen.de\/wp-content\/uploads\/2024\/02\/DSC_8795.jpg\" alt=\"\" class=\"wp-image-4738\" srcset=\"https:\/\/www.pilse-suchen.de\/wp-content\/uploads\/2024\/02\/DSC_8795.jpg 2048w, https:\/\/www.pilse-suchen.de\/wp-content\/uploads\/2024\/02\/DSC_8795-300x199.jpg 300w, https:\/\/www.pilse-suchen.de\/wp-content\/uploads\/2024\/02\/DSC_8795-1024x678.jpg 1024w, https:\/\/www.pilse-suchen.de\/wp-content\/uploads\/2024\/02\/DSC_8795-768x509.jpg 768w, https:\/\/www.pilse-suchen.de\/wp-content\/uploads\/2024\/02\/DSC_8795-1536x1017.jpg 1536w, https:\/\/www.pilse-suchen.de\/wp-content\/uploads\/2024\/02\/DSC_8795-600x397.jpg 600w\" sizes=\"auto, (max-width: 2048px) 100vw, 2048px\" \/><\/figure>\n\n\n\n<div class=\"wp-block-buttons is-content-justification-center is-layout-flex wp-container-core-buttons-is-layout-a89b3969 wp-block-buttons-is-layout-flex\">\n<div class=\"wp-block-button\"><a class=\"wp-block-button__link wp-element-button\" href=\"https:\/\/www.pilse-suchen.de\/?page_id=3495\">Fotoalbum<\/a><\/div>\n<\/div>\n\n\n\n<h2 class=\"wp-block-heading has-text-align-center\">Brosch\u00fcre<\/h2>\n\n\n<a href=\"https:\/\/www.pilse-suchen.de\/wp-content\/uploads\/2024\/02\/broschuere2014-min.pdf\" class=\"pdfemb-viewer\" style=\"width:500px;\" data-width=\"500\" data-height=\"max\" data-toolbar=\"bottom\" data-toolbar-fixed=\"off\">broschuere2014-min<\/a>\n<p class=\"wp-block-pdfemb-pdf-embedder-viewer\"><\/p>\n\n\n\n<h2 class=\"wp-block-heading has-text-align-center\">Gru\u00dfwort<\/h2>\n\n\n<a href=\"https:\/\/www.pilse-suchen.de\/wp-content\/uploads\/2024\/02\/grusswort2014.pdf\" class=\"pdfemb-viewer\" style=\"width:500px;\" data-width=\"500\" data-height=\"max\" data-toolbar=\"bottom\" data-toolbar-fixed=\"off\">grusswort2014<\/a>\n<p class=\"wp-block-pdfemb-pdf-embedder-viewer\"><\/p>\n","protected":false},"excerpt":{"rendered":"<p>03.10.2014 Und wieder einmal war es bestes K\u00f6nigswetter, als sich knapp \u00fcber 50 Pilsesucherinnen und Pilsesucher zum allj\u00e4hrlichen, traditionellen Pilse Suchen in Kaufering einfanden. Die Online-Anmeldung hat wieder einwandfrei geklappt und nach 4 Minuten 30 war die Veranstaltung ausgebucht! Diesmal musste der Bus an ungewohnter Stelle die Teilnehmer abholen, da der Parkplatz des Sportzentrums Kaufering [&hellip;]<\/p>\n","protected":false},"author":1,"featured_media":0,"parent":12,"menu_order":0,"comment_status":"closed","ping_status":"closed","template":"","meta":{"ngg_post_thumbnail":0,"footnotes":""},"class_list":["post-3469","page","type-page","status-publish","hentry"],"_links":{"self":[{"href":"https:\/\/www.pilse-suchen.de\/index.php?rest_route=\/wp\/v2\/pages\/3469","targetHints":{"allow":["GET"]}}],"collection":[{"href":"https:\/\/www.pilse-suchen.de\/index.php?rest_route=\/wp\/v2\/pages"}],"about":[{"href":"https:\/\/www.pilse-suchen.de\/index.php?rest_route=\/wp\/v2\/types\/page"}],"author":[{"embeddable":true,"href":"https:\/\/www.pilse-suchen.de\/index.php?rest_route=\/wp\/v2\/users\/1"}],"replies":[{"embeddable":true,"href":"https:\/\/www.pilse-suchen.de\/index.php?rest_route=%2Fwp%2Fv2%2Fcomments&post=3469"}],"version-history":[{"count":4,"href":"https:\/\/www.pilse-suchen.de\/index.php?rest_route=\/wp\/v2\/pages\/3469\/revisions"}],"predecessor-version":[{"id":4742,"href":"https:\/\/www.pilse-suchen.de\/index.php?rest_route=\/wp\/v2\/pages\/3469\/revisions\/4742"}],"up":[{"embeddable":true,"href":"https:\/\/www.pilse-suchen.de\/index.php?rest_route=\/wp\/v2\/pages\/12"}],"wp:attachment":[{"href":"https:\/\/www.pilse-suchen.de\/index.php?rest_route=%2Fwp%2Fv2%2Fmedia&parent=3469"}],"curies":[{"name":"wp","href":"https:\/\/api.w.org\/{rel}","templated":true}]}}