{"id":3475,"date":"2024-02-08T19:49:29","date_gmt":"2024-02-08T18:49:29","guid":{"rendered":"https:\/\/www.pilse-suchen.de\/?page_id=3475"},"modified":"2024-02-14T16:37:52","modified_gmt":"2024-02-14T15:37:52","slug":"pilse-suchen-2017","status":"publish","type":"page","link":"https:\/\/www.pilse-suchen.de\/?page_id=3475","title":{"rendered":"Pilse Suchen 2017"},"content":{"rendered":"\n<p>07.10.2017<\/p>\n\n\n\n<p>Am Wochenende nach der Wiesn war es endlich wieder so weit: das traditionelle Pilse Suchen in Kaufering fand im 21. Jahr statt. Wie in jedem Jahr waren auch diesmal die Pl\u00e4tze wieder schnell vergeben und diesmal verlief die Online-Anmeldung reibungslos. 50 Pilsesucherinnen und Pilsesucher fanden sich auf dem Parkplatz vor Peter und Paul in Penzing ein und freuten sich auf einen gem\u00fctlichen Tag im Pilswald mit frischer Luft und frischen Pilsen.<\/p>\n\n\n\n<p><img decoding=\"async\" class=\"floatleft\" style=\"width: 300px;\" src=\"https:\/\/www.pilse-suchen.de\/wp-content\/uploads\/2024\/02\/20171007-145244-071.jpg\" alt=\"\"> Im Wald erwartete die Teilnehmer bei etwas frischen Temperaturen ein variantenreicher Aufschnitt feinster Pilsspezialit\u00e4ten. Nach der stark monokulturlastiger Ausbeute aus dem letzten Jahr haben sich die vielen Stunden der Pilspflege im Jahr 2017 ausgezahlt und so pr\u00e4sentierte sich eine adrette Vielzahl an heimischen Pilsen dezent gemischt mit durchaus neuartigen Gew\u00e4chsen, die mal mehr, mal weniger mundeten.<\/p>\n\n\n\n<p>Besonder hervorzuheben ist in diesem Jahr ein Exemplar eines sogenannten &#8218;Online-Pilses&#8216;, welches nun nicht direkt in den Kauferinger Pilsw\u00e4ldern heimisch ist sondern, wie der Name schon sagt, aktuell ausschlie\u00dflich \u00fcber das Internet bezogen werden kann. Es handelt sich hierbei um eine komische Kreuzung aus Pilsextrakten mit typischen Pilsnuancen jedoch stark versetzt mit normalerweise bei Fruchtsirupen typischen Verdickungsmitteln. Laut Stilzeichnung ist ein Zusatz von Wasser erforderlich, um sowohl den Geschmack als auch das pilstypische Prickeln beim Verk\u00f6stigen zumindest ansatzweise hervorzubringen. Leider sind die Pilsextrakte an sich schon soweit ungenie\u00dfbar, so dass sie sich durch die Zugabe von Wasser eigentlich nur weiter verschlimmern, was dazu f\u00fchrt, dass noch mehr dieser uns\u00e4glichen Pilsfl\u00fcssichkeit zu sich genommen werden muss, um das Degustationsglas vollst\u00e4ndig zu leeren. Wahrhaftig eine Qual die selbst die geschulten Gaumen der PSV-Guides stark folterte.<\/p>\n\n\n\n<p><img decoding=\"async\" class=\"floatright\" style=\"width: 300px;\" src=\"https:\/\/www.pilse-suchen.de\/wp-content\/uploads\/2024\/02\/20171007-162146-114.jpg\" alt=\"\"> Nach der Panoramafahrt und dem traditionellen Gruppenfoto auf Schloss Kaltenberg ging es zur\u00fcck zur Pilshalle, wo die teils verfrorenen Pilsesucher eine ausgiebige Brotzeit mit variantenreicher Pilsbegleitung erwartete. Hinzugef\u00fcgt werden muss nun selbstkritisch, dass die Pilshalle in diesem Jahr von einigen Teilnehmer leider etwas zu k\u00fchl empfunden wurde. Das lag daran, dass die abgeh\u00e4rteten und extrem wetterfesten PSV-Guides \u00fcber die Jahre jegliches K\u00e4lteempfinden abtrainiert haben und so von selbst nicht auf die Idee kamen, die Heizung einzuschalten. Wir bitten diese Unannehmlichkeiten zu entschuldigen. Auch wollen wir n\u00e4chstes Jahr versuchen, das Pilsfest wieder weiter in den Mittelpunkt zu r\u00fccken, um z.B. durch Spiele oder andere kurzweilige Aktivit\u00e4ten der nachbrotzeitlichen Tr\u00e4gheit entgegenzuwirken. Vorschl\u00e4ge sind herzlich willkommen!<\/p>\n\n\n\n<p>Gut Pils!<br>Euer PSV Vorstand<\/p>\n\n\n\n<figure class=\"wp-block-image size-full\"><img loading=\"lazy\" decoding=\"async\" width=\"922\" height=\"645\" src=\"https:\/\/www.pilse-suchen.de\/wp-content\/uploads\/2024\/02\/gruppe-16.jpg\" alt=\"\" class=\"wp-image-5331\" srcset=\"https:\/\/www.pilse-suchen.de\/wp-content\/uploads\/2024\/02\/gruppe-16.jpg 922w, https:\/\/www.pilse-suchen.de\/wp-content\/uploads\/2024\/02\/gruppe-16-300x210.jpg 300w, https:\/\/www.pilse-suchen.de\/wp-content\/uploads\/2024\/02\/gruppe-16-768x537.jpg 768w, https:\/\/www.pilse-suchen.de\/wp-content\/uploads\/2024\/02\/gruppe-16-600x420.jpg 600w\" sizes=\"auto, (max-width: 922px) 100vw, 922px\" \/><\/figure>\n\n\n\n<div class=\"wp-block-buttons is-content-justification-center is-layout-flex wp-container-core-buttons-is-layout-a89b3969 wp-block-buttons-is-layout-flex\">\n<div class=\"wp-block-button\"><a class=\"wp-block-button__link wp-element-button\" href=\"https:\/\/www.pilse-suchen.de\/?page_id=3501\">Fotoalbum<\/a><\/div>\n<\/div>\n\n\n\n<h2 class=\"wp-block-heading has-text-align-center\">Brosch\u00fcre<\/h2>\n\n\n<a href=\"https:\/\/www.pilse-suchen.de\/wp-content\/uploads\/2024\/02\/Broschuere-2017-Internet-min.pdf\" class=\"pdfemb-viewer\" style=\"width:500px;\" data-width=\"500\" data-height=\"max\" data-toolbar=\"bottom\" data-toolbar-fixed=\"off\">Broschuere-2017-Internet-min<\/a>\n<p class=\"wp-block-pdfemb-pdf-embedder-viewer\"><\/p>\n\n\n\n<h2 class=\"wp-block-heading has-text-align-center\">Gru\u00dfwort<\/h2>\n\n\n<a href=\"https:\/\/www.pilse-suchen.de\/wp-content\/uploads\/2024\/02\/grusswort2017.pdf\" class=\"pdfemb-viewer\" style=\"width:500px;\" data-width=\"500\" data-height=\"max\" data-toolbar=\"bottom\" data-toolbar-fixed=\"off\">grusswort2017<\/a>\n<p class=\"wp-block-pdfemb-pdf-embedder-viewer\"><\/p>\n","protected":false},"excerpt":{"rendered":"<p>07.10.2017 Am Wochenende nach der Wiesn war es endlich wieder so weit: das traditionelle Pilse Suchen in Kaufering fand im 21. Jahr statt. Wie in jedem Jahr waren auch diesmal die Pl\u00e4tze wieder schnell vergeben und diesmal verlief die Online-Anmeldung reibungslos. 50 Pilsesucherinnen und Pilsesucher fanden sich auf dem Parkplatz vor Peter und Paul in [&hellip;]<\/p>\n","protected":false},"author":1,"featured_media":0,"parent":12,"menu_order":0,"comment_status":"closed","ping_status":"closed","template":"","meta":{"ngg_post_thumbnail":0,"footnotes":""},"class_list":["post-3475","page","type-page","status-publish","hentry"],"_links":{"self":[{"href":"https:\/\/www.pilse-suchen.de\/index.php?rest_route=\/wp\/v2\/pages\/3475","targetHints":{"allow":["GET"]}}],"collection":[{"href":"https:\/\/www.pilse-suchen.de\/index.php?rest_route=\/wp\/v2\/pages"}],"about":[{"href":"https:\/\/www.pilse-suchen.de\/index.php?rest_route=\/wp\/v2\/types\/page"}],"author":[{"embeddable":true,"href":"https:\/\/www.pilse-suchen.de\/index.php?rest_route=\/wp\/v2\/users\/1"}],"replies":[{"embeddable":true,"href":"https:\/\/www.pilse-suchen.de\/index.php?rest_route=%2Fwp%2Fv2%2Fcomments&post=3475"}],"version-history":[{"count":3,"href":"https:\/\/www.pilse-suchen.de\/index.php?rest_route=\/wp\/v2\/pages\/3475\/revisions"}],"predecessor-version":[{"id":5829,"href":"https:\/\/www.pilse-suchen.de\/index.php?rest_route=\/wp\/v2\/pages\/3475\/revisions\/5829"}],"up":[{"embeddable":true,"href":"https:\/\/www.pilse-suchen.de\/index.php?rest_route=\/wp\/v2\/pages\/12"}],"wp:attachment":[{"href":"https:\/\/www.pilse-suchen.de\/index.php?rest_route=%2Fwp%2Fv2%2Fmedia&parent=3475"}],"curies":[{"name":"wp","href":"https:\/\/api.w.org\/{rel}","templated":true}]}}