{"id":3477,"date":"2024-02-08T19:49:46","date_gmt":"2024-02-08T18:49:46","guid":{"rendered":"https:\/\/www.pilse-suchen.de\/?page_id=3477"},"modified":"2024-02-14T16:39:08","modified_gmt":"2024-02-14T15:39:08","slug":"pilse-suchen-2019","status":"publish","type":"page","link":"https:\/\/www.pilse-suchen.de\/?page_id=3477","title":{"rendered":"Pilse Suchen 2019"},"content":{"rendered":"\n<p>05.10.2019<\/p>\n\n\n\n<p>Nach der Regenerationspause 2018 fand 2019 wieder das traditionelle Pilse Suchen statt. Aus unerkl\u00e4rlichen Gr\u00fcnden gibt es hierzu noch keinen Kurzbericht oder Fotos.<\/p>\n\n\n\n<p>Wir werden dies so schnell wie m\u00f6glich nachreichen.<\/p>\n\n\n\n<p>Gut Pils!<br>Euer PSV Vorstand<\/p>\n\n\n\n<figure class=\"wp-block-embed is-type-video is-provider-youtube wp-block-embed-youtube wp-embed-aspect-16-9 wp-has-aspect-ratio\"><div class=\"wp-block-embed__wrapper\">\n<iframe loading=\"lazy\" title=\"Pilsesuchen 2019\" width=\"500\" height=\"281\" src=\"https:\/\/www.youtube.com\/embed\/KkwDn40qxLg?feature=oembed\" frameborder=\"0\" allow=\"accelerometer; autoplay; clipboard-write; encrypted-media; gyroscope; picture-in-picture; web-share\" referrerpolicy=\"strict-origin-when-cross-origin\" allowfullscreen><\/iframe>\n<\/div><\/figure>\n\n\n\n<h2 class=\"wp-block-heading has-text-align-center\">Brosch\u00fcre<\/h2>\n\n\n<a href=\"https:\/\/www.pilse-suchen.de\/wp-content\/uploads\/2024\/02\/PSV-Broschuere-2019_V2-min.pdf\" class=\"pdfemb-viewer\" style=\"width:500px;\" data-width=\"500\" data-height=\"max\" data-toolbar=\"bottom\" data-toolbar-fixed=\"off\">PSV-Broschuere-2019_V2-min<\/a>\n<p class=\"wp-block-pdfemb-pdf-embedder-viewer\"><\/p>\n\n\n\n<h2 class=\"wp-block-heading has-text-align-center\">Gru\u00dfwort<\/h2>\n\n\n<a href=\"https:\/\/www.pilse-suchen.de\/wp-content\/uploads\/2024\/02\/grusswort2019.pdf\" class=\"pdfemb-viewer\" style=\"width:500px;\" data-width=\"500\" data-height=\"max\" data-toolbar=\"bottom\" data-toolbar-fixed=\"off\">grusswort2019<\/a>\n<p class=\"wp-block-pdfemb-pdf-embedder-viewer\"><\/p>\n","protected":false},"excerpt":{"rendered":"<p>05.10.2019 Nach der Regenerationspause 2018 fand 2019 wieder das traditionelle Pilse Suchen statt. Aus unerkl\u00e4rlichen Gr\u00fcnden gibt es hierzu noch keinen Kurzbericht oder Fotos. Wir werden dies so schnell wie m\u00f6glich nachreichen. Gut Pils!Euer PSV Vorstand Brosch\u00fcre Gru\u00dfwort<\/p>\n","protected":false},"author":1,"featured_media":0,"parent":12,"menu_order":0,"comment_status":"closed","ping_status":"closed","template":"","meta":{"ngg_post_thumbnail":0,"footnotes":""},"class_list":["post-3477","page","type-page","status-publish","hentry"],"_links":{"self":[{"href":"https:\/\/www.pilse-suchen.de\/index.php?rest_route=\/wp\/v2\/pages\/3477","targetHints":{"allow":["GET"]}}],"collection":[{"href":"https:\/\/www.pilse-suchen.de\/index.php?rest_route=\/wp\/v2\/pages"}],"about":[{"href":"https:\/\/www.pilse-suchen.de\/index.php?rest_route=\/wp\/v2\/types\/page"}],"author":[{"embeddable":true,"href":"https:\/\/www.pilse-suchen.de\/index.php?rest_route=\/wp\/v2\/users\/1"}],"replies":[{"embeddable":true,"href":"https:\/\/www.pilse-suchen.de\/index.php?rest_route=%2Fwp%2Fv2%2Fcomments&post=3477"}],"version-history":[{"count":4,"href":"https:\/\/www.pilse-suchen.de\/index.php?rest_route=\/wp\/v2\/pages\/3477\/revisions"}],"predecessor-version":[{"id":5832,"href":"https:\/\/www.pilse-suchen.de\/index.php?rest_route=\/wp\/v2\/pages\/3477\/revisions\/5832"}],"up":[{"embeddable":true,"href":"https:\/\/www.pilse-suchen.de\/index.php?rest_route=\/wp\/v2\/pages\/12"}],"wp:attachment":[{"href":"https:\/\/www.pilse-suchen.de\/index.php?rest_route=%2Fwp%2Fv2%2Fmedia&parent=3477"}],"curies":[{"name":"wp","href":"https:\/\/api.w.org\/{rel}","templated":true}]}}