{"id":3503,"date":"2024-02-08T19:55:32","date_gmt":"2024-02-08T18:55:32","guid":{"rendered":"https:\/\/www.pilse-suchen.de\/?page_id=3503"},"modified":"2024-02-08T20:13:00","modified_gmt":"2024-02-08T19:13:00","slug":"pilse-suchen-2018","status":"publish","type":"page","link":"https:\/\/www.pilse-suchen.de\/?page_id=3503","title":{"rendered":"Pilse Suchen 2018"},"content":{"rendered":"\n<p>Liebe Pilsesucherinnen, liebe Pilsesucher,<\/p>\n\n\n\n<figure class=\"wp-block-image\"><img decoding=\"async\" src=\"https:\/\/www.pilse-suchen.de\/2016\/media\/gruppe.jpg\" alt=\"\"\/><\/figure>\n\n\n\n<p>Nach dem Jahrhundertsommer in diesem Jahr freut man sich verst\u00e4ndlicherweise auf die hei\u00dfersehnte Pilssaison in den heimischen W\u00e4ldern. Leider hat eine Begehung des Pilswaldes ersch\u00fctternde Ern\u00fcchterung bei den Pilsexperten hervorgerufen: durch die langanhaltende Trockenheit konnte sich das Pilsmyzel nicht wie gewohnt entwickeln wodurch die Best\u00e4nde im Pilswald dieses Jahr leider nur sehr sp\u00e4rlich sind.<\/p>\n\n\n\n<p>Aus Respekt vor unserer sch\u00f6nen Natur und der darin gewachsenen Pilskostbarkeiten haben wir uns schweren Herzens durchgerungen, dieses Jahr das Pilse Suchen auszusetzen. Dadurch erhoffen wir uns eine schnelle Erholung der Pilsbest\u00e4nde, so dass wir n\u00e4chstes Jahr wieder aus den vollen sch\u00f6pfen k\u00f6nnen. Zudem wird sich die Vorstandschaft noch dieses Jahr in Klausur begeben, um nach den Jahren der Monotonie endlich wieder neue Pilsproben durchzuf\u00fchren und idealerweise alte Pilssorten neu zu verproben. Ihr d\u00fcrft Euch also im n\u00e4chsten Jahr auf neue Inhalte und Bewertungen in der Pilsbrosch\u00fcre freuen (so der Plan)<\/p>\n\n\n\n<p>Zuletzt wollen wir uns auf Klausur auch Gedanken \u00fcber eine neue Lokalit\u00e4t f\u00fcr das Pilsfest machen. Zwar hatte die Pilshalle bei Peter und Paul so einige Annehmlichkeiten wie Geschirrsp\u00fcler und Geschirr, allerdings auch ein paar Einschr\u00e4nkungen, wie verwinkelte Sitzfl\u00e4chen, Zugluft und leichten Fischgeruch. Hier werden wir versuchen, f\u00fcr n\u00e4chstes Jahr adequaten Ersatz zu finden.<\/p>\n\n\n\n<p>Dann bleibt uns nun nur noch, Euch einen wundersch\u00f6nen Herbst zu w\u00fcnschen und wir freuen uns auf ein Wiedersehen im n\u00e4chsten Jahr!<\/p>\n\n\n\n<p>Gut Pils!<br>Euer Pilse-Such-Verein<\/p>\n","protected":false},"excerpt":{"rendered":"<p>Liebe Pilsesucherinnen, liebe Pilsesucher, Nach dem Jahrhundertsommer in diesem Jahr freut man sich verst\u00e4ndlicherweise auf die hei\u00dfersehnte Pilssaison in den heimischen W\u00e4ldern. Leider hat eine Begehung des Pilswaldes ersch\u00fctternde Ern\u00fcchterung bei den Pilsexperten hervorgerufen: durch die langanhaltende Trockenheit konnte sich das Pilsmyzel nicht wie gewohnt entwickeln wodurch die Best\u00e4nde im Pilswald dieses Jahr leider nur [&hellip;]<\/p>\n","protected":false},"author":1,"featured_media":0,"parent":12,"menu_order":0,"comment_status":"closed","ping_status":"closed","template":"","meta":{"ngg_post_thumbnail":0,"footnotes":""},"class_list":["post-3503","page","type-page","status-publish","hentry"],"_links":{"self":[{"href":"https:\/\/www.pilse-suchen.de\/index.php?rest_route=\/wp\/v2\/pages\/3503","targetHints":{"allow":["GET"]}}],"collection":[{"href":"https:\/\/www.pilse-suchen.de\/index.php?rest_route=\/wp\/v2\/pages"}],"about":[{"href":"https:\/\/www.pilse-suchen.de\/index.php?rest_route=\/wp\/v2\/types\/page"}],"author":[{"embeddable":true,"href":"https:\/\/www.pilse-suchen.de\/index.php?rest_route=\/wp\/v2\/users\/1"}],"replies":[{"embeddable":true,"href":"https:\/\/www.pilse-suchen.de\/index.php?rest_route=%2Fwp%2Fv2%2Fcomments&post=3503"}],"version-history":[{"count":2,"href":"https:\/\/www.pilse-suchen.de\/index.php?rest_route=\/wp\/v2\/pages\/3503\/revisions"}],"predecessor-version":[{"id":3511,"href":"https:\/\/www.pilse-suchen.de\/index.php?rest_route=\/wp\/v2\/pages\/3503\/revisions\/3511"}],"up":[{"embeddable":true,"href":"https:\/\/www.pilse-suchen.de\/index.php?rest_route=\/wp\/v2\/pages\/12"}],"wp:attachment":[{"href":"https:\/\/www.pilse-suchen.de\/index.php?rest_route=%2Fwp%2Fv2%2Fmedia&parent=3503"}],"curies":[{"name":"wp","href":"https:\/\/api.w.org\/{rel}","templated":true}]}}