{"id":5957,"date":"2025-10-11T18:19:11","date_gmt":"2025-10-11T16:19:11","guid":{"rendered":"https:\/\/www.pilse-suchen.de\/?page_id=5957"},"modified":"2025-10-12T09:39:50","modified_gmt":"2025-10-12T07:39:50","slug":"pilse-suchen-2025","status":"publish","type":"page","link":"https:\/\/www.pilse-suchen.de\/","title":{"rendered":"Pilse Suchen 2025"},"content":{"rendered":"\n<p>04.10.2025<\/p>\n\n\n\n<p>Am 4. Oktober versammelten sich 50 begeisterte Pilsesucherinnen und Pilsesucher in Kaufering, um traditionell am Pilse Suchen teilzunehmen \u2013 ein H\u00f6hepunkt im Vereinskalender des Pilse-Such-Vereins (PSV).&nbsp;&nbsp;<\/p>\n\n\n\n<p>Der Treffpunkt war das Alpenvereinsheim in Kaufering, von wo aus ein Shuttlebus die Teilnehmenden zum sogenannten \u201ePilswald\u201c brachte.&nbsp;&nbsp;Schon bei der Anmeldung wurde auf eine entspannte Atmosph\u00e4re, fachkundige Begleitung und eine reichhaltige Brotzeit beim anschlie\u00dfenden Pilsfest hingewiesen.&nbsp;&nbsp;<\/p>\n\n\n\n<p>Im Laufe der Nachmittagsstunden durchstreiften die Teilnehmenden die Waldgebiete vor den Toren Kauferings, ausgestattet mit einer illustrierten Pilsbrosch\u00fcre, die Hinweise zur Identifikation verschiedener Pilsarten enth\u00e4lt.&nbsp;&nbsp;Experten und PSV-Guides standen zur Verf\u00fcgung, um Unsicherheiten bei der Bestimmung zu kl\u00e4ren \u2013 ein wichtiger Baustein, um auch Giftpilsarten zu erkennen und von genie\u00dfbaren Sorten zu unterscheiden.&nbsp;&nbsp;<\/p>\n\n\n\n<p>Nach der Suche versammelte man sich zum gem\u00fctlichen Teil: Bei Brotzeit, Leberk\u00e4se und Geselligkeit wurde verkostet, diskutiert und gefeiert. Das Pilsfest fand in diesem Jahr im DAV-Haus der Sektion Kaufering statt.&nbsp;&nbsp;Die Heimfahrt wurde zu einer Panoramafahrt genutzt, wobei man bei guter Stimmung durch bekannte Routen zur\u00fcckkehrte.&nbsp;&nbsp;<\/p>\n\n\n\n<p>Die Veranstaltung erwies sich einmal mehr als gelungen: Die Mischung aus Naturerlebnis, geselligem Beisammensein und kulinarischem Abschluss machte den Tag zu einem unvergesslichen Erlebnis f\u00fcr alle Teilnehmenden.<\/p>\n\n\n\n<figure class=\"wp-block-image size-large\"><img loading=\"lazy\" decoding=\"async\" width=\"1024\" height=\"681\" src=\"https:\/\/www.pilse-suchen.de\/wp-content\/uploads\/2025\/10\/DSC_6839-1024x681.jpg\" alt=\"\" class=\"wp-image-6113\" srcset=\"https:\/\/www.pilse-suchen.de\/wp-content\/uploads\/2025\/10\/DSC_6839-1024x681.jpg 1024w, https:\/\/www.pilse-suchen.de\/wp-content\/uploads\/2025\/10\/DSC_6839-300x200.jpg 300w, https:\/\/www.pilse-suchen.de\/wp-content\/uploads\/2025\/10\/DSC_6839-768x511.jpg 768w, https:\/\/www.pilse-suchen.de\/wp-content\/uploads\/2025\/10\/DSC_6839-1536x1022.jpg 1536w, https:\/\/www.pilse-suchen.de\/wp-content\/uploads\/2025\/10\/DSC_6839.jpg 1623w\" sizes=\"auto, (max-width: 1024px) 100vw, 1024px\" \/><\/figure>\n\n\n\n<div class=\"wp-block-buttons is-content-justification-center is-layout-flex wp-container-core-buttons-is-layout-a89b3969 wp-block-buttons-is-layout-flex\">\n<div class=\"wp-block-button\"><a class=\"wp-block-button__link wp-element-button\" href=\"https:\/\/www.pilse-suchen.de\/?page_id=6110\">Fotoalbum<\/a><\/div>\n<\/div>\n\n\n\n<h2 class=\"wp-block-heading has-text-align-center\">Brosch\u00fcre<\/h2>\n\n\n<a href=\"https:\/\/www.pilse-suchen.de\/wp-content\/uploads\/2025\/10\/PSV-Pilsbroschuere-2025-min.pdf\" class=\"pdfemb-viewer\" style=\"width:500px;\" data-width=\"500\" data-height=\"max\" data-toolbar=\"bottom\" data-toolbar-fixed=\"off\">PSV-Pilsbroschuere-2025-min<\/a>\n\n\n<h2 class=\"wp-block-heading has-text-align-center\">Gru\u00dfwort<\/h2>\n\n\n<a href=\"https:\/\/www.pilse-suchen.de\/wp-content\/uploads\/2025\/10\/Grusswort-2025.pdf\" class=\"pdfemb-viewer\" style=\"width:500px;\" data-width=\"500\" data-height=\"max\" data-toolbar=\"bottom\" data-toolbar-fixed=\"off\">Grusswort-2025<\/a>\n\n\n<h2 class=\"wp-block-heading has-text-align-center\">Unsere eigenen Songs<\/h2>\n\n\n\n<figure class=\"wp-block-audio\"><audio controls src=\"https:\/\/www.pilse-suchen.de\/wp-content\/uploads\/2025\/10\/Auf-zum-Pilswald-2025.mp3\"><\/audio><figcaption class=\"wp-element-caption\"><strong>Auf zum Pilswald<\/strong><\/figcaption><\/figure>\n\n\n\n<figure class=\"wp-block-audio\"><audio controls src=\"https:\/\/www.pilse-suchen.de\/wp-content\/uploads\/2025\/10\/Pilse-Hoch-2025.mp3\"><\/audio><figcaption class=\"wp-element-caption\"><strong>Pilse hoch!<\/strong><\/figcaption><\/figure>\n","protected":false},"excerpt":{"rendered":"<p>04.10.2025 Am 4. Oktober versammelten sich 50 begeisterte Pilsesucherinnen und Pilsesucher in Kaufering, um traditionell am Pilse Suchen teilzunehmen \u2013 ein H\u00f6hepunkt im Vereinskalender des Pilse-Such-Vereins (PSV).&nbsp;&nbsp; Der Treffpunkt war das Alpenvereinsheim in Kaufering, von wo aus ein Shuttlebus die Teilnehmenden zum sogenannten \u201ePilswald\u201c brachte.&nbsp;&nbsp;Schon bei der Anmeldung wurde auf eine entspannte Atmosph\u00e4re, fachkundige Begleitung [&hellip;]<\/p>\n","protected":false},"author":3,"featured_media":0,"parent":12,"menu_order":0,"comment_status":"closed","ping_status":"closed","template":"","meta":{"ngg_post_thumbnail":0,"footnotes":""},"class_list":["post-5957","page","type-page","status-publish","hentry"],"_links":{"self":[{"href":"https:\/\/www.pilse-suchen.de\/index.php?rest_route=\/wp\/v2\/pages\/5957","targetHints":{"allow":["GET"]}}],"collection":[{"href":"https:\/\/www.pilse-suchen.de\/index.php?rest_route=\/wp\/v2\/pages"}],"about":[{"href":"https:\/\/www.pilse-suchen.de\/index.php?rest_route=\/wp\/v2\/types\/page"}],"author":[{"embeddable":true,"href":"https:\/\/www.pilse-suchen.de\/index.php?rest_route=\/wp\/v2\/users\/3"}],"replies":[{"embeddable":true,"href":"https:\/\/www.pilse-suchen.de\/index.php?rest_route=%2Fwp%2Fv2%2Fcomments&post=5957"}],"version-history":[{"count":9,"href":"https:\/\/www.pilse-suchen.de\/index.php?rest_route=\/wp\/v2\/pages\/5957\/revisions"}],"predecessor-version":[{"id":6124,"href":"https:\/\/www.pilse-suchen.de\/index.php?rest_route=\/wp\/v2\/pages\/5957\/revisions\/6124"}],"up":[{"embeddable":true,"href":"https:\/\/www.pilse-suchen.de\/index.php?rest_route=\/wp\/v2\/pages\/12"}],"wp:attachment":[{"href":"https:\/\/www.pilse-suchen.de\/index.php?rest_route=%2Fwp%2Fv2%2Fmedia&parent=5957"}],"curies":[{"name":"wp","href":"https:\/\/api.w.org\/{rel}","templated":true}]}}