{"id":91,"date":"2024-01-30T21:20:37","date_gmt":"2024-01-30T20:20:37","guid":{"rendered":"https:\/\/www.pilse-suchen.de\/?page_id=91"},"modified":"2024-01-30T21:28:21","modified_gmt":"2024-01-30T20:28:21","slug":"wichtige-vorbemerkungen","status":"publish","type":"page","link":"https:\/\/www.pilse-suchen.de\/?page_id=91","title":{"rendered":"1. Wichtige Vorbemerkungen"},"content":{"rendered":"\n<p>Besonders wichtig beim Pilsetesten ist die r\u00e4umliche, klinisch reine Umgebung. Deswegen sollten die Pilse korrekt im Wald gepfl\u00fcckt werden und mittels eines K\u00fchlk\u00f6rpers in einen feuchten und k\u00fchlen Raum gebracht werden; hier m\u00fcssen sie mindestens 4 Wochen in stehender Lage verweilen. Nach groben S\u00e4uberungen des Stiels kann es mit der eigentlichen Pilstestprozedur losgehen. Der hierf\u00fcr ausgesuchte Raum sollte den Reinheitsstandard 3 entsprechen und gut schallisoliert sein. St\u00f6rendes Potential wie biertrinkende Personen, laute Gegenst\u00e4nde und Telefon sollten aufs minimalste reduziert werden. Das Pils wird jetzt, um Zirkulationsst\u00f6rungen zu vermeiden, in der Mitte des Raumes in einer H\u00f6he von 1\/5 der Raumh\u00f6he und in einem Abstand von mindestens 1,5 m zum Fenster, wegen eventueller fliegenden Pilskappen, aufgestellt. Die Gefahr von fliegenden Pilskappen darf nicht untersch\u00e4tzt werden und kann im wahrsten Sinne ins Auge gehen. Augenempfindliche Personen sollten deswegen zu Schutzma\u00dfnahmen greifen oder an der Reaktion des K\u00f6rpers intensiv arbeiten.<\/p>\n\n\n\n<p><em>Hinweis: Der PSV warnt ausdr\u00fccklich vor dem Test von Giftpilsen und \u00fcbernimmt keinerlei Haftung f\u00fcr unsachgem\u00e4sse Pilstests ohne Aufsicht eines PSV-Vorstandes!<\/em><\/p>\n\n\n\n<div class=\"wp-block-columns is-layout-flex wp-container-core-columns-is-layout-28f84493 wp-block-columns-is-layout-flex\">\n<div class=\"wp-block-column is-layout-flow wp-block-column-is-layout-flow\">\n<p>&lt;- <a href=\"https:\/\/www.pilse-suchen.de\/?page_id=86\" data-type=\"page\" data-id=\"86\">Startseite<\/a><\/p>\n<\/div>\n\n\n\n<div class=\"wp-block-column is-layout-flow wp-block-column-is-layout-flow\">\n<p class=\"has-text-align-right\">2. <a href=\"https:\/\/www.pilse-suchen.de\/?page_id=99\" data-type=\"page\" data-id=\"99\">Grunddaten erfassen<\/a> -><\/p>\n<\/div>\n<\/div>\n","protected":false},"excerpt":{"rendered":"<p>Besonders wichtig beim Pilsetesten ist die r\u00e4umliche, klinisch reine Umgebung. Deswegen sollten die Pilse korrekt im Wald gepfl\u00fcckt werden und mittels eines K\u00fchlk\u00f6rpers in einen feuchten und k\u00fchlen Raum gebracht werden; hier m\u00fcssen sie mindestens 4 Wochen in stehender Lage verweilen. Nach groben S\u00e4uberungen des Stiels kann es mit der eigentlichen Pilstestprozedur losgehen. Der hierf\u00fcr [&hellip;]<\/p>\n","protected":false},"author":1,"featured_media":0,"parent":19,"menu_order":0,"comment_status":"closed","ping_status":"closed","template":"","meta":{"ngg_post_thumbnail":0,"footnotes":""},"class_list":["post-91","page","type-page","status-publish","hentry"],"_links":{"self":[{"href":"https:\/\/www.pilse-suchen.de\/index.php?rest_route=\/wp\/v2\/pages\/91","targetHints":{"allow":["GET"]}}],"collection":[{"href":"https:\/\/www.pilse-suchen.de\/index.php?rest_route=\/wp\/v2\/pages"}],"about":[{"href":"https:\/\/www.pilse-suchen.de\/index.php?rest_route=\/wp\/v2\/types\/page"}],"author":[{"embeddable":true,"href":"https:\/\/www.pilse-suchen.de\/index.php?rest_route=\/wp\/v2\/users\/1"}],"replies":[{"embeddable":true,"href":"https:\/\/www.pilse-suchen.de\/index.php?rest_route=%2Fwp%2Fv2%2Fcomments&post=91"}],"version-history":[{"count":5,"href":"https:\/\/www.pilse-suchen.de\/index.php?rest_route=\/wp\/v2\/pages\/91\/revisions"}],"predecessor-version":[{"id":105,"href":"https:\/\/www.pilse-suchen.de\/index.php?rest_route=\/wp\/v2\/pages\/91\/revisions\/105"}],"up":[{"embeddable":true,"href":"https:\/\/www.pilse-suchen.de\/index.php?rest_route=\/wp\/v2\/pages\/19"}],"wp:attachment":[{"href":"https:\/\/www.pilse-suchen.de\/index.php?rest_route=%2Fwp%2Fv2%2Fmedia&parent=91"}],"curies":[{"name":"wp","href":"https:\/\/api.w.org\/{rel}","templated":true}]}}