{"id":99,"date":"2024-01-30T21:27:48","date_gmt":"2024-01-30T20:27:48","guid":{"rendered":"https:\/\/www.pilse-suchen.de\/?page_id=99"},"modified":"2024-01-31T19:12:17","modified_gmt":"2024-01-31T18:12:17","slug":"2-grunddaten-erfassen","status":"publish","type":"page","link":"https:\/\/www.pilse-suchen.de\/?page_id=99","title":{"rendered":"2. Grunddaten erfassen"},"content":{"rendered":"\n<div class=\"wp-block-columns is-layout-flex wp-container-core-columns-is-layout-28f84493 wp-block-columns-is-layout-flex\">\n<div class=\"wp-block-column is-layout-flow wp-block-column-is-layout-flow\">\n<p><strong>Pilsbezeichnung<\/strong><br>Meist befindet sich die Pilsbezeichnung deutlich lesbar auf der Unterzeichnung des Pilsstieles. Weitere Fundstellen k\u00f6nnen Hut und Stieloberzeichnung sein.<\/p>\n<\/div>\n\n\n\n<div class=\"wp-block-column is-layout-flow wp-block-column-is-layout-flow\">\n<div class=\"wp-block-group is-nowrap is-layout-flex wp-container-core-group-is-layout-6c531013 wp-block-group-is-layout-flex\">\n<figure class=\"wp-block-image size-full\"><img loading=\"lazy\" decoding=\"async\" width=\"150\" height=\"113\" src=\"https:\/\/www.pilse-suchen.de\/wp-content\/uploads\/2024\/01\/bezeichnung_stiel.jpg\" alt=\"\" class=\"wp-image-100\"\/><\/figure>\n\n\n\n<figure class=\"wp-block-image size-full\"><img loading=\"lazy\" decoding=\"async\" width=\"127\" height=\"113\" src=\"https:\/\/www.pilse-suchen.de\/wp-content\/uploads\/2024\/01\/bezeichnung_kappe.jpg\" alt=\"\" class=\"wp-image-101\"\/><\/figure>\n<\/div>\n<\/div>\n<\/div>\n\n\n\n<div class=\"wp-block-columns is-layout-flex wp-container-core-columns-is-layout-28f84493 wp-block-columns-is-layout-flex\">\n<div class=\"wp-block-column is-layout-flow wp-block-column-is-layout-flow\">\n<p><strong>Herkunft<\/strong><br>Die Herkunft des Pilses l\u00e4sst sich oft durch die Pilsbezeichnung ableiten. Ist das nicht m\u00f6glich, so findet man die Herkunft oft auf der Stiel-Hinter- oder Vorderzeichnung. Im nebenstehenden Beispiel ist die Herkunft bereits aus dem Namen zu erkennen (1) und zus\u00e4tzlich auf der Vorderzeichnung eingep\u00e4gt (2).<\/p>\n<\/div>\n\n\n\n<div class=\"wp-block-column is-layout-flow wp-block-column-is-layout-flow\">\n<figure class=\"wp-block-image size-full\"><img loading=\"lazy\" decoding=\"async\" width=\"350\" height=\"263\" src=\"https:\/\/www.pilse-suchen.de\/wp-content\/uploads\/2024\/01\/herkunft.jpg\" alt=\"\" class=\"wp-image-102\" srcset=\"https:\/\/www.pilse-suchen.de\/wp-content\/uploads\/2024\/01\/herkunft.jpg 350w, https:\/\/www.pilse-suchen.de\/wp-content\/uploads\/2024\/01\/herkunft-300x225.jpg 300w\" sizes=\"auto, (max-width: 350px) 100vw, 350px\" \/><\/figure>\n<\/div>\n<\/div>\n\n\n\n<div class=\"wp-block-columns is-layout-flex wp-container-core-columns-is-layout-28f84493 wp-block-columns-is-layout-flex\">\n<div class=\"wp-block-column is-layout-flow wp-block-column-is-layout-flow\">\n<p><strong>N\u00e4hrstoffgehalt<\/strong><br>Der N\u00e4hstoffgehalt befindet sich entweder auf der Vorder- oder der Hinterzeichnung, fast immer gefolgt durch die Markierung &#8222;% vol.&#8220; oder &#8222;%&#8220;<\/p>\n<\/div>\n\n\n\n<div class=\"wp-block-column is-layout-flow wp-block-column-is-layout-flow\">\n<figure class=\"wp-block-image size-full\"><img loading=\"lazy\" decoding=\"async\" width=\"220\" height=\"225\" src=\"https:\/\/www.pilse-suchen.de\/wp-content\/uploads\/2024\/01\/naehrstoff.jpg\" alt=\"\" class=\"wp-image-103\"\/><\/figure>\n<\/div>\n<\/div>\n\n\n\n<div class=\"wp-block-columns is-layout-flex wp-container-core-columns-is-layout-28f84493 wp-block-columns-is-layout-flex\">\n<div class=\"wp-block-column is-layout-flow wp-block-column-is-layout-flow\">\n<p>&lt;- 1. <a href=\"https:\/\/www.pilse-suchen.de\/?page_id=91\" data-type=\"page\" data-id=\"91\">Wichtige Vorbemerkungen<\/a><\/p>\n<\/div>\n\n\n\n<div class=\"wp-block-column is-layout-flow wp-block-column-is-layout-flow\">\n<p class=\"has-text-align-right\">3. <a href=\"https:\/\/www.pilse-suchen.de\/?page_id=106\" data-type=\"page\" data-id=\"106\">Bewertung des Pilshutes<\/a> -><\/p>\n<\/div>\n<\/div>\n","protected":false},"excerpt":{"rendered":"<p>PilsbezeichnungMeist befindet sich die Pilsbezeichnung deutlich lesbar auf der Unterzeichnung des Pilsstieles. Weitere Fundstellen k\u00f6nnen Hut und Stieloberzeichnung sein. HerkunftDie Herkunft des Pilses l\u00e4sst sich oft durch die Pilsbezeichnung ableiten. Ist das nicht m\u00f6glich, so findet man die Herkunft oft auf der Stiel-Hinter- oder Vorderzeichnung. Im nebenstehenden Beispiel ist die Herkunft bereits aus dem Namen [&hellip;]<\/p>\n","protected":false},"author":1,"featured_media":0,"parent":19,"menu_order":0,"comment_status":"closed","ping_status":"closed","template":"","meta":{"ngg_post_thumbnail":0,"footnotes":""},"class_list":["post-99","page","type-page","status-publish","hentry"],"_links":{"self":[{"href":"https:\/\/www.pilse-suchen.de\/index.php?rest_route=\/wp\/v2\/pages\/99","targetHints":{"allow":["GET"]}}],"collection":[{"href":"https:\/\/www.pilse-suchen.de\/index.php?rest_route=\/wp\/v2\/pages"}],"about":[{"href":"https:\/\/www.pilse-suchen.de\/index.php?rest_route=\/wp\/v2\/types\/page"}],"author":[{"embeddable":true,"href":"https:\/\/www.pilse-suchen.de\/index.php?rest_route=\/wp\/v2\/users\/1"}],"replies":[{"embeddable":true,"href":"https:\/\/www.pilse-suchen.de\/index.php?rest_route=%2Fwp%2Fv2%2Fcomments&post=99"}],"version-history":[{"count":2,"href":"https:\/\/www.pilse-suchen.de\/index.php?rest_route=\/wp\/v2\/pages\/99\/revisions"}],"predecessor-version":[{"id":130,"href":"https:\/\/www.pilse-suchen.de\/index.php?rest_route=\/wp\/v2\/pages\/99\/revisions\/130"}],"up":[{"embeddable":true,"href":"https:\/\/www.pilse-suchen.de\/index.php?rest_route=\/wp\/v2\/pages\/19"}],"wp:attachment":[{"href":"https:\/\/www.pilse-suchen.de\/index.php?rest_route=%2Fwp%2Fv2%2Fmedia&parent=99"}],"curies":[{"name":"wp","href":"https:\/\/api.w.org\/{rel}","templated":true}]}}